{"id":1533,"date":"2018-08-13T11:49:09","date_gmt":"2018-08-13T09:49:09","guid":{"rendered":"https:\/\/biocotech.no\/privacy-policy\/"},"modified":"2021-05-31T16:25:15","modified_gmt":"2021-05-31T14:25:15","slug":"privacy-policy","status":"publish","type":"page","link":"https:\/\/biocotech.no\/en\/privacy-policy\/","title":{"rendered":"Privacy policy"},"content":{"rendered":"<p>[:no]<\/p>\n<h1>Personvernerkl\u00e6ring for BioCoTech AS<\/h1>\n<p><strong>\u00a0<\/strong><\/p>\n<h2>Behandlingsansvarlig<\/h2>\n<p><em>\u00a0<\/em><\/p>\n<p><strong>Tarje Veidung<\/strong> er p\u00e5 vegne av <strong>BioCoTech AS<\/strong> behandlingsansvarlig for selskapets behandling av personopplysninger.<\/p>\n<h2><\/h2>\n<h2>Personopplysninger som lagres<\/h2>\n<p>&nbsp;<\/p>\n<p>Vi lagrer f\u00f8lgende personopplysninger om v\u00e5re kunder:<\/p>\n<p>Navn, adresse, telefonnummer og e-postadresse.<\/p>\n<p>Vi lagrer i tillegg kj\u00f8pshistorikk og adferdsm\u00f8nster p\u00e5 v\u00e5r nettside, dvs. opplysninger om hvordan den enkelte kunde navigerer p\u00e5 siden.<\/p>\n<p><strong>\u00a0<\/strong><\/p>\n<h2>Form\u00e5l med behandlingen<\/h2>\n<p>&nbsp;<\/p>\n<p>&nbsp;<\/p>\n<p>Vi benytter ogs\u00e5 opplysningene for \u00e5 kunne gi deg informasjon, tilbud og service i forbindelse med ditt kj\u00f8p via e-post, telefon, SMS og postutsendelser.<\/p>\n<h2><\/h2>\n<h2>Grunnlaget for behandlingen<em>\u00a0<\/em><\/h2>\n<p>&nbsp;<\/p>\n<p>Informasjon om navn, adresse, telefon, e-postadresse benyttes for \u00e5 oppfylle kj\u00f8psavtalen. Grunnlaget for denne behandlingen er personvernforordningens artikkel Art 6 (b).<\/p>\n<p>&nbsp;<\/p>\n<h2>Innhenting av personopplysninger<\/h2>\n<p><em>\u00a0<\/em><\/p>\n<p><em>Hjelpetekst: Gi informasjon om hvor personopplysningene hentes fra. <\/em><\/p>\n<p><em>Dersom det benyttes informasjonskapsler\/cookies, m\u00e5 det opplyses s\u00e6rskilt om dette. Les mer om kravene som stilles til dette p\u00e5 Datatilsynets hjemmesider <a href=\"https:\/\/www.datatilsynet.no\/Teknologi\/Internett\/cookies\/\">her<\/a>. <\/em><\/p>\n<p>Vi lagrer de personopplysningene du har avgitt p\u00e5 v\u00e5r nettside eller ansatte i forbindelse med ditt kj\u00f8p.<\/p>\n<p>&nbsp;<\/p>\n<p>Vi bruker informasjonskapsler\/cookies p\u00e5 v\u00e5r nettside for \u00e5 gi deg som bes\u00f8ker siden best kundeopplevelse og service. Lov om elektronisk kommunikasjon krever at vi informerer v\u00e5re bes\u00f8kende om bruk av informasjonskapsler (cookies).<\/p>\n<p>&nbsp;<\/p>\n<p>&nbsp;<\/p>\n<h2>Utlevering av opplysninger til tredjeparter<\/h2>\n<p><em>\u00a0<\/em><\/p>\n<p>Vi vil ikke dele, selge, overf\u00f8re eller p\u00e5 annen m\u00e5te utlevere personopplysninger til andre, med mindre vi er rettslig forpliktet til det.<\/p>\n<p><strong>\u00a0<\/strong><\/p>\n<h2>Sletting av personopplysninger<\/h2>\n<p>&nbsp;<\/p>\n<p>Opplysninger vi etter bokf\u00f8ringsloven er forpliktet til \u00e5 bevare vil lagres i inntil 5 \u00e5r, i henhold til lovens krav.<\/p>\n<p>&nbsp;<\/p>\n<p>&nbsp;<\/p>\n<h2>Rettigheter for den registrerte<\/h2>\n<p><em>\u00a0<\/em><\/p>\n<p>Vi behandler dine personopplysninger i henhold til personopplysningsloven og gjeldende forskrifter. Det gj\u00f8res oppmerksom p\u00e5 at du kan kreve innsyn i og flytting av egne personopplysninger, samt kreve retting eller sletting av opplysninger.<\/p>\n<p>Det kan klages til Datatilsynet p\u00e5 behandling i strid med reglene.<\/p>\n<p><strong>\u00a0<\/strong><\/p>\n<p>&nbsp;<\/p>\n<h2>Informasjonssikkerhet<\/h2>\n<p>&nbsp;<\/p>\n<p>Vi sikrer dine personopplysninger ved b\u00e5de fysisk og virtuell adgangs- og tilgangskontroll, samt ved kryptering av sensitive deler av avgitte opplysninger.<\/p>\n<p>&nbsp;<\/p>\n<h2>Kontaktinformasjon<\/h2>\n<p>Henvendelser om hvilke opplysninger som er registrert, retting og sletting kan sende skriftlig til f\u00f8lgende adresser:<\/p>\n<p>post@biocotech.no<br \/>\nBioCoTech AS<br \/>\nGamlehaugvegen 20[:en]<\/p>\n<h1>Personvernerkl\u00e6ring for BioCoTech AS<\/h1>\n<p><strong>\u00a0<\/strong><\/p>\n<h2>Behandlingsansvarlig<\/h2>\n<p><em>\u00a0<\/em><\/p>\n<p><strong>Tarje Veidung<\/strong> er p\u00e5 vegne av <strong>BioCoTech AS<\/strong> behandlingsansvarlig for selskapets behandling av personopplysninger.<\/p>\n<h2><\/h2>\n<h2>Personopplysninger som lagres<\/h2>\n<p>&nbsp;<\/p>\n<p>Vi lagrer f\u00f8lgende personopplysninger om v\u00e5re kunder:<\/p>\n<p>Navn, adresse, telefonnummer og e-postadresse.<\/p>\n<p>Vi lagrer i tillegg kj\u00f8pshistorikk og adferdsm\u00f8nster p\u00e5 v\u00e5r nettside, dvs. opplysninger om hvordan den enkelte kunde navigerer p\u00e5 siden.<\/p>\n<p><strong>\u00a0<\/strong><\/p>\n<h2>Form\u00e5l med behandlingen<\/h2>\n<p>&nbsp;<\/p>\n<p><em>Hjelpetekst: Forklar form\u00e5let med behandlingen av personopplysningene, det vil si hvorfor opplysningene behandles. Her kan dere bruke informasjonen fra kolonnen &#8220;Form\u00e5l&#8221; i deres &#8220;Oversikt over personopplysningene som behandles&#8221;. <\/em><\/p>\n<p><em>Om det forekommer automatiske avgj\u00f8relser, som for eksempel profilering ved analyser av personopplysninger for \u00e5 avdekke adferd eller preferanser, skal det opplyses om logikken bak og betydningen \/ konsekvensene for den registrerte. <\/em><\/p>\n<p>Eksempel:<\/p>\n<p>Vi behandler opplysningene for \u00e5 kunne gjennomf\u00f8re v\u00e5re forpliktelser etter avtale med deg.<\/p>\n<p>Vi benytter ogs\u00e5 opplysningene for \u00e5 kunne gi deg informasjon, tilbud og service i forbindelse med ditt kj\u00f8p via e-post, telefon, SMS og postutsendelser.<\/p>\n<h2><\/h2>\n<h2>Grunnlaget for behandlingen<\/h2>\n<p><em>\u00a0<\/em><\/p>\n<p><em>Hjelpetekst: Oppgi hva som er behandlingsgrunnlaget, det vil si virksomhetens hjemmel for \u00e5 behandle\u00a0personopplysningene. Her kan dere bruke informasjonen fra kolonnen &#8220;Grunnlag&#8221; i deres &#8220;Oversikt over personopplysningene som behandles&#8221;.<\/em><\/p>\n<p>Eksempel:<\/p>\n<p>Informasjon om navn, adresse, telefon, e-postadresse benyttes for \u00e5 oppfylle kj\u00f8psavtalen. Grunnlaget for denne behandlingen er personvernforordningens artikkel Art 6 (b).<\/p>\n<p>Der du har samtykket til det benyttes ogs\u00e5 opplysningene til \u00e5 gi deg informasjon, tilbud og service i forbindelse med ditt kj\u00f8p via e-post, telefon og SMS. Grunnlaget for denne behandlingen er personvernforordningen Art 6 (a). Du kan n\u00e5r som helst takke nei til \u00e5 motta slik informasjon fra oss.<\/p>\n<p>&nbsp;<\/p>\n<h2>Innhenting av personopplysninger<\/h2>\n<p><em>\u00a0<\/em><\/p>\n<p><em>Hjelpetekst: Gi informasjon om hvor personopplysningene hentes fra. <\/em><\/p>\n<p><em>Dersom det benyttes informasjonskapsler\/cookies, m\u00e5 det opplyses s\u00e6rskilt om dette. Les mer om kravene som stilles til dette p\u00e5 Datatilsynets hjemmesider <a href=\"https:\/\/www.datatilsynet.no\/Teknologi\/Internett\/cookies\/\">her<\/a>. <\/em><\/p>\n<p>Eksempel:<\/p>\n<p>Alternativ 1: Vi lagrer de personopplysningene du har avgitt p\u00e5 v\u00e5re nettsider i forbindelse med ditt kj\u00f8p.<\/p>\n<p>Alternativ 2: Vi lagrer de personopplysningene du har avgitt v\u00e5re ansatte i forbindelse med ditt kj\u00f8p.<\/p>\n<p>Vi bruker informasjonskapsler\/cookies p\u00e5 v\u00e5re nettsider for \u00e5 gi deg som bes\u00f8ker siden best kundeopplevelse og service. Lov om elektronisk kommunikasjon krever at vi informerer v\u00e5re bes\u00f8kende om bruk av informasjonskapsler (cookies).<\/p>\n<p>&nbsp;<\/p>\n<p>&nbsp;<\/p>\n<h2>Utlevering av opplysninger til tredjeparter<\/h2>\n<p><em>\u00a0<\/em><\/p>\n<p>Vi vil ikke dele, selge, overf\u00f8re eller p\u00e5 annen m\u00e5te utlevere personopplysninger til andre, med mindre vi er rettslig forpliktet til det.<\/p>\n<p><strong>\u00a0<\/strong><\/p>\n<h2>Sletting av personopplysninger<\/h2>\n<p>&nbsp;<\/p>\n<p>Opplysninger vi etter bokf\u00f8ringsloven er forpliktet til \u00e5 bevare vil lagres i inntil 5 \u00e5r, i henhold til lovens krav.<\/p>\n<p>&nbsp;<\/p>\n<p>&nbsp;<\/p>\n<h2>Rettigheter for den registrerte<\/h2>\n<p><em>\u00a0<\/em><\/p>\n<p>Vi behandler dine personopplysninger i henhold til personopplysningsloven og gjeldende forskrifter. Det gj\u00f8res oppmerksom p\u00e5 at du kan kreve innsyn i og flytting av egne personopplysninger, samt kreve retting eller sletting av opplysninger.<\/p>\n<p>Det kan klages til Datatilsynet p\u00e5 behandling i strid med reglene.<\/p>\n<p><strong>\u00a0<\/strong><\/p>\n<p>&nbsp;<\/p>\n<h2>Informasjonssikkerhet<\/h2>\n<p>&nbsp;<\/p>\n<p>Vi sikrer dine personopplysninger ved b\u00e5de fysisk og virtuell adgangs- og tilgangskontroll, samt ved kryptering av sensitive deler av avgitte opplysninger.<\/p>\n<p>&nbsp;<\/p>\n<h2>Kontaktinformasjon<\/h2>\n<p>Henvendelser om hvilke opplysninger som er registrert, retting og sletting kan sende skriftlig til f\u00f8lgende adresser:<\/p>\n<p>post@biocotech.no<br \/>\nBioCoTech AS<br \/>\nGamlehaugvegen 20[:]<\/p>\n","protected":false},"excerpt":{"rendered":"<p>[:no] Personvernerkl\u00e6ring for BioCoTech AS \u00a0 Behandlingsansvarlig \u00a0 Tarje Veidung er p\u00e5 vegne av BioCoTech AS behandlingsansvarlig for selskapets behandling av personopplysninger. Personopplysninger som lagres &nbsp; Vi lagrer f\u00f8lgende personopplysninger om v\u00e5re kunder: Navn, adresse, telefonnummer og e-postadresse. Vi lagrer i tillegg kj\u00f8pshistorikk og adferdsm\u00f8nster p\u00e5 v\u00e5r nettside, dvs. opplysninger om hvordan den enkelte kunde [&hellip;]<\/p>\n","protected":false},"author":2,"featured_media":0,"parent":0,"menu_order":0,"comment_status":"closed","ping_status":"closed","template":"","meta":{"footnotes":""},"_links":{"self":[{"href":"https:\/\/biocotech.no\/en\/wp-json\/wp\/v2\/pages\/1533"}],"collection":[{"href":"https:\/\/biocotech.no\/en\/wp-json\/wp\/v2\/pages"}],"about":[{"href":"https:\/\/biocotech.no\/en\/wp-json\/wp\/v2\/types\/page"}],"author":[{"embeddable":true,"href":"https:\/\/biocotech.no\/en\/wp-json\/wp\/v2\/users\/2"}],"replies":[{"embeddable":true,"href":"https:\/\/biocotech.no\/en\/wp-json\/wp\/v2\/comments?post=1533"}],"version-history":[{"count":0,"href":"https:\/\/biocotech.no\/en\/wp-json\/wp\/v2\/pages\/1533\/revisions"}],"wp:attachment":[{"href":"https:\/\/biocotech.no\/en\/wp-json\/wp\/v2\/media?parent=1533"}],"curies":[{"name":"wp","href":"https:\/\/api.w.org\/{rel}","templated":true}]}}