{"id":1578,"date":"2017-10-23T13:50:11","date_gmt":"2017-10-23T11:50:11","guid":{"rendered":"https:\/\/biocotech.no\/kompostering\/"},"modified":"2021-06-01T11:16:59","modified_gmt":"2021-06-01T09:16:59","slug":"kompostering","status":"publish","type":"page","link":"https:\/\/biocotech.no\/en\/kompostering\/","title":{"rendered":"[:no]Komposteringsmaskin[:en]Composting Machines[:it]Macchine di compostaggio[:]"},"content":{"rendered":"<section class=\"wpb-content-wrapper\"><p>[:no][vc_row bg_type=&#8221;color&#8221; header_feature=&#8221;yes&#8221; bg_color=&#8221;#f3f3f3&#8243; padding_top=&#8221;40&#8243; padding_bottom=&#8221;30&#8243; scroll_section_title=&#8221;BioSpeed M1&#8243;][vc_column][vc_column_text]<\/p>\n<h1>Komposteringsmaskin<\/h1>\n<blockquote><p>BioCoTech leverer kompost reaktorer for storhusholdning, restauranter, kantiner og mat produksjons industri.<br \/>\nV\u00e5re maskiner reduserer mengden av fast biologisk avfall med mellom 70 \u2013 90%.<\/p><\/blockquote>\n<p>Dette gir sterkt redusere avfalls utgifter. Det resterende produktet kan brukes som gj\u00f8dsel\/ jordforbedring.<br \/>\nV\u00e5r matavfallsh\u00e5ndteringsanlegg er CO2 n\u00f8ytral og milj\u00f8vennlig og reduserer kostnader tilknyttet bortkj\u00f8ring av matavfall.<\/p>\n<p>Ved \u00e5 velge BioSpeed kompostmaskin er du med p\u00e5 \u00e5 vise ansvar for milj\u00f8et ved at avfallet behandles der det oppst\u00e5r. BioSpeed gir kunden st\u00f8rre innsparinger sammenlignet med konkurrerende l\u00f8sninger. (pris\/ytelse) Lokal h\u00e5ndtering av matavfallet reduserer behov for transport og bidrar til lavere CO2 utslipp.<\/p>\n<ul>\n<li>Stor kapasitet i forhold til st\u00f8rrelse p\u00e5 maskin.<\/li>\n<li>Vesentlig raskere nedbrytningstid sammenlignet med konvensjonell komposteringsteknologi.<\/li>\n<li>Fleksible l\u00f8sninger som kan skreddersys den enkelte kundes spesifikke behov.<\/li>\n<li>Meget h\u00f8y kvalitet p\u00e5 alle komponenter, lang levetid og fabrikkgaranti p\u00e5 1 \u00e5r.<\/li>\n<\/ul>\n<p>[\/vc_column_text][\/vc_column][\/vc_row][vc_row padding_top=&#8221;20px&#8221;][vc_column]<h1 class=\"grve-element grve-title grve-align-left grve-h3\" style=\"\"><span>V\u00e5re komposteringsmaskiner<\/span><\/h1>[\/vc_column][\/vc_row][vc_row][vc_column][vc_column_text]BioSpeed komposterings prosess baserer seg p\u00e5 en metode som tilrettelegger for at mikrober kan virke under optimale forhold. Samtlige mikrober som brukes i BioSpeed systemet er videreutviklede mesofile og termofile mikrober, inkludert de cellulosenedbrytende. Dvs. at de arbeider ved en temperatur p\u00e5 opp til 80 grader C.<\/p>\n<p>Disse parametrene muliggj\u00f8r kontinuerlig nedbrytning av organisk materiale til pulver meget raskt. Dette gir stor kapasitet i kompakte maskiner.[\/vc_column_text][vc_empty_space][\/vc_column][vc_column width=&#8221;1\/2&#8243;][vc_column_text css=&#8221;.vc_custom_1479302862487{padding-top: 30px !important;padding-right: 30px !important;padding-bottom: 30px !important;padding-left: 30px !important;background-color: #f0f0f0 !important;}&#8221;]<\/p>\n<h4>Slik fungerer BioSpeed kompostmaskin<\/h4>\n<ul>\n<li>Matavfallet t\u00f8mmes direkte eller via en kvern, inn i\u00a0 innmatingskammer.<\/li>\n<li>Maskinen bearbeider og lufter avfallet med en nyutviklet blandingsteknikk.<\/li>\n<li>I l\u00f8pet av 24 til 72 timer bryter mikrober ned avfallet til kompostpulver som<br \/>\nderetter mates automatisk ut av prosesskammeret.<\/li>\n<li>Kompostpulveret er hygienisk og enkelt \u00e5 t\u00f8mme.<\/li>\n<\/ul>\n<p>[\/vc_column_text]<div class=\"grve-element grve-align-left grve-animated-item grve-fadeInLeft\" data-delay=\"200\"><a href=\"https:\/\/biocotech.no\/virkemate\/\" class=\"grve-btn grve-btn-medium grve-square grve-bg-primary-1 grve-bg-hover-black\"><span>Les mer om virkem\u00e5te<\/span><\/a><\/div>[\/vc_column][vc_column width=&#8221;1\/2&#8243;]<div class=\"avt_masterslider_el \" >\n\t\t<!-- MasterSlider -->\n\t\t<div id=\"P_MS64e48f5905e78\" class=\"master-slider-parent ms-parent-id-3\" style=\"max-width:854px;\" >\n\n\t\t\t\n\t\t\t<!-- MasterSlider Main -->\n\t\t\t<div id=\"MS64e48f5905e78\" class=\"master-slider ms-skin-default\" >\n\t\t\t\t \t\t\t\t \n\t\t\t<div  class=\"ms-slide\" data-delay=\"3\" data-fill-mode=\"fill\"   >\n\n\t\t\t\t\t<img  class=\"ms-layer\" src=\"https:\/\/biocotech.no\/cms\/wp-content\/plugins\/masterslider\/public\/assets\/css\/blank.gif\" data-src=\"https:\/\/biocotech.no\/cms\/wp-content\/uploads\/2016\/05\/virkemate_sirkel.png\" alt=\"\" style=\"\"  data-effect=\"t(true,n,n,n,-360,n,n,n,n,n,n,n,n,n,n)\" data-duration=\"30000\"  data-ease=\"easeOutQuint\"        data-type=\"image\"          data-offset-x=\"0\" data-offset-y=\"0\" data-origin=\"tl\"  \/>\n\n\t\t\t\t\t<img  class=\"ms-layer\" src=\"https:\/\/biocotech.no\/cms\/wp-content\/plugins\/masterslider\/public\/assets\/css\/blank.gif\" data-src=\"https:\/\/biocotech.no\/cms\/wp-content\/uploads\/2016\/05\/virkemate_info.png\" alt=\"\" style=\"\"     data-ease=\"easeOutQuint\"        data-type=\"image\"          data-offset-x=\"0\" data-offset-y=\"0\" data-origin=\"tl\"  \/>\n\n\t\t\t\t\t<div  class=\"ms-layer\" style=\"\"     data-delay=\"2600\" data-ease=\"easeOutQuint\"        data-type=\"hotspot\"  data-align=\"top\" data-stay-hover=\"true\" data-width=\"\" data-target=\"_self\"   data-offset-x=\"556\" data-offset-y=\"530\" data-origin=\"tl\"   >\nAvfallsvolumet er redusert med 70-90%<\/div>\n\n\n\t\t\t\t<\/div>\n\n\t\t\t<\/div>\n\t\t\t<!-- END MasterSlider Main -->\n\n\t\t\t \n\t\t<\/div>\n\t\t<!-- END MasterSlider -->\n\n\t\t<script>\n\t\t( window.MSReady = window.MSReady || [] ).push( function( $ ) {\n\n\t\t\t\"use strict\";\n\t\t\tvar masterslider_5e78 = new MasterSlider();\n\n\t\t\t\/\/ slider controls\n\t\t\t\/\/ slider setup\n\t\t\tmasterslider_5e78.setup(\"MS64e48f5905e78\", {\n\t\t\t\twidth           : 854,\n\t\t\t\theight          : 620,\n\t\t\t\tminHeight       : 0,\n\t\t\t\tspace           : 0,\n\t\t\t\tstart           : 1,\n\t\t\t\tgrabCursor      : false,\n\t\t\t\tswipe           : false,\n\t\t\t\tmouse           : false,\n\t\t\t\tkeyboard        : false,\n\t\t\t\tlayout          : \"boxed\",\n\t\t\t\twheel           : false,\n\t\t\t\tautoplay        : false,\n                instantStartLayers:false,\n\t\t\t\tmobileBGVideo:false,\n\t\t\t\tloop            : false,\n\t\t\t\tshuffle         : false,\n\t\t\t\tpreload         : 0,\n\t\t\t\theightLimit     : true,\n\t\t\t\tautoHeight      : false,\n\t\t\t\tsmoothHeight    : true,\n\t\t\t\tendPause        : false,\n\t\t\t\toverPause       : true,\n\t\t\t\tfillMode        : \"fill\",\n\t\t\t\tcenterControls  : true,\n\t\t\t\tstartOnAppear   : false,\n\t\t\t\tlayersMode      : \"center\",\n\t\t\t\tautofillTarget  : \"\",\n\t\t\t\thideLayers      : false,\n\t\t\t\tfullscreenMargin: 0,\n\t\t\t\tspeed           : 20,\n\t\t\t\tdir             : \"h\",\n\t\t\t\tresponsive      : true,\n\t\t\t\ttabletWidth     : 768,\n\t\t\t\ttabletHeight    : null,\n\t\t\t\tphoneWidth      : 480,\n\t\t\t\tphoneHeight    : null,\n\t\t\t\tsizingReference : window,\n\t\t\t\tparallaxMode    : 'swipe',\n\t\t\t\tview            : \"basic\"\n\t\t\t});\n\n\t\t\t\n\t\t\twindow.masterslider_instances = window.masterslider_instances || [];\n\t\t\twindow.masterslider_instances.push( masterslider_5e78 );\n\t\t});\n\t\t<\/script>\n\n<\/div>[\/vc_column][\/vc_row][:en][vc_row bg_type=&#8221;color&#8221; header_feature=&#8221;yes&#8221; bg_color=&#8221;#f3f3f3&#8243; padding_top=&#8221;40&#8243; padding_bottom=&#8221;30&#8243; scroll_section_title=&#8221;BioSpeed M1&#8243;][vc_column][vc_column_text]<\/p>\n<h1>Composting machines<\/h1>\n<blockquote><p>BioCoTech supplies composting reactors for the catering sector, restaurants, canteens and food manufacturers. Our machines reduce the amount of solid biological waste by 70-90%. This significantly reduces waste disposal costs, and the residual product can be used as a fertiliser\/soil additive.<\/p><\/blockquote>\n<p>Our food waste disposal installations are CO<sub>2<\/sub> neutral and environmentally friendly.<br \/>\nThey also reduce the transport costs associated with food waste disposal.<\/p>\n<p>By choosing a BioSpeed composting machine you are showing responsibility for the environment by disposing of your waste at source. BioSpeed provides the customer with greater savings than similar competing solutions (cost\/effect). On-site food waste disposal reduces the need for transport and contributes to lower CO<sub>2 <\/sub>emissions.<\/p>\n<ul>\n<li>High capacity relative to the size of the machine<\/li>\n<li>Much faster decomposition than conventional composting technology<\/li>\n<li>Flexible solutions that can be tailor-made to the specific requirements of the individual customer<\/li>\n<li>Very high quality of all components, longevity and 1 year factory warranty<\/li>\n<\/ul>\n<p>[\/vc_column_text][\/vc_column][\/vc_row][vc_row padding_top=&#8221;20px&#8221;][vc_column]<h1 class=\"grve-element grve-title grve-align-left grve-h3\" style=\"\"><span>Our composting machines<\/span><\/h1>[\/vc_column][\/vc_row][vc_row][vc_column][vc_column_text]The BioSpeed composting process is based on a method that enables microbes to function under optimal conditions. All the microbes used in the BioSpeed system, including the cellulose-degrading ones, are advanced mesophilic and thermophilic microbes, i.e. they work at temperatures of up to 80 degrees Celsius (<sup>o<\/sup>C). These parameters enable an accelerated and continuous decomposition of organic material into powder, providing high capacity in compact machines.<\/p>\n<p>[\/vc_column_text][vc_empty_space][\/vc_column][vc_column width=&#8221;1\/2&#8243;][vc_column_text css=&#8221;.vc_custom_1492761899006{padding-top: 30px !important;padding-right: 30px !important;padding-bottom: 30px !important;padding-left: 30px !important;background-color: #f0f0f0 !important;}&#8221;]<strong>This is how a BioSpeed composting machine works:<\/strong><\/p>\n<ul>\n<li>The food waste is emptied into a processing chamber, either directly or through a mincer.<\/li>\n<li>The machine processes and aerates the waste using an innovative mixing technique.<\/li>\n<li>In the course of 24-72 hours, microbes break down the waste into a compost powder that is automatically discharged from the processing chamber.<\/li>\n<li>The compost powder is hygienic and easy to empty.<\/li>\n<\/ul>\n<p>[\/vc_column_text]<div class=\"grve-element grve-align-left grve-animated-item grve-fadeInLeft\" data-delay=\"200\"><a href=\"https:\/\/biocotech.no\/en\/virkemate\/\" class=\"grve-btn grve-btn-medium grve-square grve-bg-primary-1 grve-bg-hover-black\"><span>Read more about method<\/span><\/a><\/div>[\/vc_column][vc_column width=&#8221;1\/2&#8243;]<div class=\"avt_masterslider_el \" >\n\t\t<!-- MasterSlider -->\n\t\t<div id=\"P_MS69e735764b802\" class=\"master-slider-parent ms-parent-id-3\" style=\"max-width:854px;\" >\n\n\t\t\t\n\t\t\t<!-- MasterSlider Main -->\n\t\t\t<div id=\"MS69e735764b802\" class=\"master-slider ms-skin-default\" >\n\t\t\t\t \t\t\t\t \n\t\t\t<div  class=\"ms-slide\" data-delay=\"3\" data-fill-mode=\"fill\"   >\n\n\t\t\t\t\t<img  class=\"ms-layer\" src=\"https:\/\/biocotech.no\/cms\/wp-content\/plugins\/masterslider\/public\/assets\/css\/blank.gif\" data-src=\"https:\/\/biocotech.no\/cms\/wp-content\/uploads\/2016\/05\/virkemate_sirkel.png\" alt=\"\" style=\"\"  data-effect=\"t(true,n,n,n,-360,n,n,n,n,n,n,n,n,n,n)\" data-duration=\"30000\"  data-ease=\"easeOutQuint\"        data-type=\"image\"          data-offset-x=\"0\" data-offset-y=\"0\" data-origin=\"tl\"  \/>\n\n\t\t\t\t\t<img  class=\"ms-layer\" src=\"https:\/\/biocotech.no\/cms\/wp-content\/plugins\/masterslider\/public\/assets\/css\/blank.gif\" data-src=\"https:\/\/biocotech.no\/cms\/wp-content\/uploads\/2016\/05\/virkemate_info.png\" alt=\"\" style=\"\"     data-ease=\"easeOutQuint\"        data-type=\"image\"          data-offset-x=\"0\" data-offset-y=\"0\" data-origin=\"tl\"  \/>\n\n\t\t\t\t\t<div  class=\"ms-layer\" style=\"\"     data-delay=\"2600\" data-ease=\"easeOutQuint\"        data-type=\"hotspot\"  data-align=\"top\" data-stay-hover=\"true\" data-width=\"\" data-target=\"_self\"   data-offset-x=\"556\" data-offset-y=\"530\" data-origin=\"tl\"   >\nAvfallsvolumet er redusert med 70-90%<\/div>\n\n\n\t\t\t\t<\/div>\n\n\t\t\t<\/div>\n\t\t\t<!-- END MasterSlider Main -->\n\n\t\t\t \n\t\t<\/div>\n\t\t<!-- END MasterSlider -->\n\n\t\t<script>\n\t\t( window.MSReady = window.MSReady || [] ).push( function( $ ) {\n\n\t\t\t\"use strict\";\n\t\t\tvar masterslider_b802 = new MasterSlider();\n\n\t\t\t\/\/ slider controls\n\t\t\t\/\/ slider setup\n\t\t\tmasterslider_b802.setup(\"MS69e735764b802\", {\n\t\t\t\twidth           : 854,\n\t\t\t\theight          : 620,\n\t\t\t\tminHeight       : 0,\n\t\t\t\tspace           : 0,\n\t\t\t\tstart           : 1,\n\t\t\t\tgrabCursor      : false,\n\t\t\t\tswipe           : false,\n\t\t\t\tmouse           : false,\n\t\t\t\tkeyboard        : false,\n\t\t\t\tlayout          : \"boxed\",\n\t\t\t\twheel           : false,\n\t\t\t\tautoplay        : false,\n                instantStartLayers:false,\n\t\t\t\tmobileBGVideo:false,\n\t\t\t\tloop            : false,\n\t\t\t\tshuffle         : false,\n\t\t\t\tpreload         : 0,\n\t\t\t\theightLimit     : true,\n\t\t\t\tautoHeight      : false,\n\t\t\t\tsmoothHeight    : true,\n\t\t\t\tendPause        : false,\n\t\t\t\toverPause       : true,\n\t\t\t\tfillMode        : \"fill\",\n\t\t\t\tcenterControls  : true,\n\t\t\t\tstartOnAppear   : false,\n\t\t\t\tlayersMode      : \"center\",\n\t\t\t\tautofillTarget  : \"\",\n\t\t\t\thideLayers      : false,\n\t\t\t\tfullscreenMargin: 0,\n\t\t\t\tspeed           : 20,\n\t\t\t\tdir             : \"h\",\n\t\t\t\tresponsive      : true,\n\t\t\t\ttabletWidth     : 768,\n\t\t\t\ttabletHeight    : null,\n\t\t\t\tphoneWidth      : 480,\n\t\t\t\tphoneHeight    : null,\n\t\t\t\tsizingReference : window,\n\t\t\t\tparallaxMode    : 'swipe',\n\t\t\t\tview            : \"basic\"\n\t\t\t});\n\n\t\t\t\n\t\t\twindow.masterslider_instances = window.masterslider_instances || [];\n\t\t\twindow.masterslider_instances.push( masterslider_b802 );\n\t\t});\n\t\t<\/script>\n\n<\/div>[\/vc_column][\/vc_row][:it][vc_row bg_type=&#8221;color&#8221; header_feature=&#8221;yes&#8221; bg_color=&#8221;#f3f3f3&#8243; padding_top=&#8221;40&#8243; padding_bottom=&#8221;30&#8243; scroll_section_title=&#8221;BioSpeed M1&#8243;][vc_column][vc_column_text]<\/p>\n<h1>Composting machines<\/h1>\n<blockquote><p>BioCoTech supplies composting reactors for the catering sector, restaurants, canteens and food manufacturers. Our machines reduce the amount of solid biological waste by 70-90%. This significantly reduces waste disposal costs, and the residual product can be used as a fertiliser\/soil additive.<\/p><\/blockquote>\n<p>Our food waste disposal installations are CO<sub>2<\/sub> neutral and environmentally friendly.<br \/>\nThey also reduce the transport costs associated with food waste disposal.<\/p>\n<p>By choosing a BioSpeed composting machine you are showing responsibility for the environment by disposing of your waste at source. BioSpeed provides the customer with greater savings than similar competing solutions (cost\/effect). On-site food waste disposal reduces the need for transport and contributes to lower CO<sub>2 <\/sub>emissions.<\/p>\n<ul>\n<li>High capacity relative to the size of the machine<\/li>\n<li>Much faster decomposition than conventional composting technology<\/li>\n<li>Flexible solutions that can be tailor-made to the specific requirements of the individual customer<\/li>\n<li>Very high quality of all components, longevity and 1 year factory warranty<\/li>\n<\/ul>\n<p>[\/vc_column_text][\/vc_column][\/vc_row][vc_row padding_top=&#8221;20px&#8221;][vc_column]<h1 class=\"grve-element grve-title grve-align-left grve-h3\" style=\"\"><span>Our composting machines<\/span><\/h1>[\/vc_column][\/vc_row][vc_row][vc_column][vc_column_text]The BioSpeed composting process is based on a method that enables microbes to function under optimal conditions. All the microbes used in the BioSpeed system, including the cellulose-degrading ones, are advanced mesophilic and thermophilic microbes, i.e. they work at temperatures of up to 80 degrees Celsius (<sup>o<\/sup>C). These parameters enable an accelerated and continuous decomposition of organic material into powder, providing high capacity in compact machines.<\/p>\n<p>[\/vc_column_text][vc_empty_space][\/vc_column][vc_column width=&#8221;1\/2&#8243;][vc_column_text css=&#8221;.vc_custom_1492761899006{padding-top: 30px !important;padding-right: 30px !important;padding-bottom: 30px !important;padding-left: 30px !important;background-color: #f0f0f0 !important;}&#8221;]<strong>This is how a BioSpeed composting machine works:<\/strong><\/p>\n<ul>\n<li>The food waste is emptied into a processing chamber, either directly or through a mincer.<\/li>\n<li>The machine processes and aerates the waste using an innovative mixing technique.<\/li>\n<li>In the course of 24-72 hours, microbes break down the waste into a compost powder that is automatically discharged from the processing chamber.<\/li>\n<li>The compost powder is hygienic and easy to empty.<\/li>\n<\/ul>\n<p>[\/vc_column_text]<div class=\"grve-element grve-align-left grve-animated-item grve-fadeInLeft\" data-delay=\"200\"><a href=\"https:\/\/biocotech.no\/en\/virkemate\/\" class=\"grve-btn grve-btn-medium grve-square grve-bg-primary-1 grve-bg-hover-black\"><span>Read more about method<\/span><\/a><\/div>[\/vc_column][vc_column width=&#8221;1\/2&#8243;]<div class=\"avt_masterslider_el \" >\n\t\t<!-- MasterSlider -->\n\t\t<div id=\"P_MS69e735764c9b7\" class=\"master-slider-parent ms-parent-id-3\" style=\"max-width:854px;\" >\n\n\t\t\t\n\t\t\t<!-- MasterSlider Main -->\n\t\t\t<div id=\"MS69e735764c9b7\" class=\"master-slider ms-skin-default\" >\n\t\t\t\t \t\t\t\t \n\t\t\t<div  class=\"ms-slide\" data-delay=\"3\" data-fill-mode=\"fill\"   >\n\n\t\t\t\t\t<img  class=\"ms-layer\" src=\"https:\/\/biocotech.no\/cms\/wp-content\/plugins\/masterslider\/public\/assets\/css\/blank.gif\" data-src=\"https:\/\/biocotech.no\/cms\/wp-content\/uploads\/2016\/05\/virkemate_sirkel.png\" alt=\"\" style=\"\"  data-effect=\"t(true,n,n,n,-360,n,n,n,n,n,n,n,n,n,n)\" data-duration=\"30000\"  data-ease=\"easeOutQuint\"        data-type=\"image\"          data-offset-x=\"0\" data-offset-y=\"0\" data-origin=\"tl\"  \/>\n\n\t\t\t\t\t<img  class=\"ms-layer\" src=\"https:\/\/biocotech.no\/cms\/wp-content\/plugins\/masterslider\/public\/assets\/css\/blank.gif\" data-src=\"https:\/\/biocotech.no\/cms\/wp-content\/uploads\/2016\/05\/virkemate_info.png\" alt=\"\" style=\"\"     data-ease=\"easeOutQuint\"        data-type=\"image\"          data-offset-x=\"0\" data-offset-y=\"0\" data-origin=\"tl\"  \/>\n\n\t\t\t\t\t<div  class=\"ms-layer\" style=\"\"     data-delay=\"2600\" data-ease=\"easeOutQuint\"        data-type=\"hotspot\"  data-align=\"top\" data-stay-hover=\"true\" data-width=\"\" data-target=\"_self\"   data-offset-x=\"556\" data-offset-y=\"530\" data-origin=\"tl\"   >\nAvfallsvolumet er redusert med 70-90%<\/div>\n\n\n\t\t\t\t<\/div>\n\n\t\t\t<\/div>\n\t\t\t<!-- END MasterSlider Main -->\n\n\t\t\t \n\t\t<\/div>\n\t\t<!-- END MasterSlider -->\n\n\t\t<script>\n\t\t( window.MSReady = window.MSReady || [] ).push( function( $ ) {\n\n\t\t\t\"use strict\";\n\t\t\tvar masterslider_c9b7 = new MasterSlider();\n\n\t\t\t\/\/ slider controls\n\t\t\t\/\/ slider setup\n\t\t\tmasterslider_c9b7.setup(\"MS69e735764c9b7\", {\n\t\t\t\twidth           : 854,\n\t\t\t\theight          : 620,\n\t\t\t\tminHeight       : 0,\n\t\t\t\tspace           : 0,\n\t\t\t\tstart           : 1,\n\t\t\t\tgrabCursor      : false,\n\t\t\t\tswipe           : false,\n\t\t\t\tmouse           : false,\n\t\t\t\tkeyboard        : false,\n\t\t\t\tlayout          : \"boxed\",\n\t\t\t\twheel           : false,\n\t\t\t\tautoplay        : false,\n                instantStartLayers:false,\n\t\t\t\tmobileBGVideo:false,\n\t\t\t\tloop            : false,\n\t\t\t\tshuffle         : false,\n\t\t\t\tpreload         : 0,\n\t\t\t\theightLimit     : true,\n\t\t\t\tautoHeight      : false,\n\t\t\t\tsmoothHeight    : true,\n\t\t\t\tendPause        : false,\n\t\t\t\toverPause       : true,\n\t\t\t\tfillMode        : \"fill\",\n\t\t\t\tcenterControls  : true,\n\t\t\t\tstartOnAppear   : false,\n\t\t\t\tlayersMode      : \"center\",\n\t\t\t\tautofillTarget  : \"\",\n\t\t\t\thideLayers      : false,\n\t\t\t\tfullscreenMargin: 0,\n\t\t\t\tspeed           : 20,\n\t\t\t\tdir             : \"h\",\n\t\t\t\tresponsive      : true,\n\t\t\t\ttabletWidth     : 768,\n\t\t\t\ttabletHeight    : null,\n\t\t\t\tphoneWidth      : 480,\n\t\t\t\tphoneHeight    : null,\n\t\t\t\tsizingReference : window,\n\t\t\t\tparallaxMode    : 'swipe',\n\t\t\t\tview            : \"basic\"\n\t\t\t});\n\n\t\t\t\n\t\t\twindow.masterslider_instances = window.masterslider_instances || [];\n\t\t\twindow.masterslider_instances.push( masterslider_c9b7 );\n\t\t});\n\t\t<\/script>\n\n<\/div>[\/vc_column][\/vc_row][:]<\/p>\n<\/section>","protected":false},"excerpt":{"rendered":"<p>[:no][vc_row bg_type=&#8221;color&#8221; header_feature=&#8221;yes&#8221; bg_color=&#8221;#f3f3f3&#8243; padding_top=&#8221;40&#8243; padding_bottom=&#8221;30&#8243; scroll_section_title=&#8221;BioSpeed M1&#8243;][vc_column][vc_column_text] Komposteringsmaskin BioCoTech leverer kompost reaktorer for storhusholdning, restauranter, kantiner og mat produksjons industri. V\u00e5re maskiner reduserer mengden av fast biologisk avfall med mellom 70 \u2013 90%. Dette gir sterkt redusere avfalls utgifter. Det resterende produktet kan brukes som gj\u00f8dsel\/ jordforbedring. V\u00e5r matavfallsh\u00e5ndteringsanlegg er CO2 n\u00f8ytral og milj\u00f8vennlig [&hellip;]<\/p>\n","protected":false},"author":1,"featured_media":0,"parent":0,"menu_order":0,"comment_status":"closed","ping_status":"closed","template":"","meta":{"footnotes":""},"_links":{"self":[{"href":"https:\/\/biocotech.no\/en\/wp-json\/wp\/v2\/pages\/1578"}],"collection":[{"href":"https:\/\/biocotech.no\/en\/wp-json\/wp\/v2\/pages"}],"about":[{"href":"https:\/\/biocotech.no\/en\/wp-json\/wp\/v2\/types\/page"}],"author":[{"embeddable":true,"href":"https:\/\/biocotech.no\/en\/wp-json\/wp\/v2\/users\/1"}],"replies":[{"embeddable":true,"href":"https:\/\/biocotech.no\/en\/wp-json\/wp\/v2\/comments?post=1578"}],"version-history":[{"count":0,"href":"https:\/\/biocotech.no\/en\/wp-json\/wp\/v2\/pages\/1578\/revisions"}],"wp:attachment":[{"href":"https:\/\/biocotech.no\/en\/wp-json\/wp\/v2\/media?parent=1578"}],"curies":[{"name":"wp","href":"https:\/\/api.w.org\/{rel}","templated":true}]}}