{"id":1334,"date":"2021-05-31T14:17:12","date_gmt":"2021-05-31T12:17:12","guid":{"rendered":"https:\/\/biocotech.no\/forside\/"},"modified":"2023-08-31T19:43:39","modified_gmt":"2023-08-31T17:43:39","slug":"forside-2","status":"publish","type":"page","link":"https:\/\/biocotech.no\/it\/","title":{"rendered":"Forside"},"content":{"rendered":"<section class=\"wpb-content-wrapper\"><p>[vc_row bg_type=&#8221;color&#8221; header_feature=&#8221;yes&#8221; section_id=&#8221;ombiocotech&#8221; bg_color=&#8221;#f3f3f3&#8243; padding_top=&#8221;30&#8243; padding_bottom=&#8221;30&#8243;][vc_column]<h1 class=\"grve-element grve-title grve-align-center grve-animated-item grve-fadeIn grve-h2\" style=\"\" data-delay=\"200\"><span>Chi Siamo<span class=\"grve-title-line grve-bg-primary-1\" style=\"width: 30px;height: 4px;\"><\/span><\/span><\/h1>[vc_column_text text_style=&#8221;leader-text&#8221;]<\/p>\n<p style=\"text-align: center;\"><strong>BioCoTech AS<\/strong> \u00e8 una societ\u00e0 operante nel campo delle tecnologie ambientali, settore in cui vanta un&#8217;esperienza ultraventennale e solide referenze commerciali. L&#8217;azienda ha il suo dipartimento sviluppo e ingegnerizzazione presso la sede principale di Bergen.<\/p>\n<p>[\/vc_column_text]<div class=\"grve-element grve-align-center grve-animated-item grve-fadeIn\" data-delay=\"200\"><a href=\"https:\/\/biocotech.no\/om-biocotech\/\" class=\"grve-btn grve-btn-small grve-square grve-bg-primary-2 grve-bg-hover-primary-1\"><span>Continua a leggere<\/span><\/a><\/div>[\/vc_column][\/vc_row][vc_row section_type=&#8221;fullwidth&#8221; bg_type=&#8221;color&#8221; section_id=&#8221;produkter&#8221; bg_color=&#8221;#ffffff&#8221; padding_top=&#8221;30&#8243; padding_bottom=&#8221;30&#8243;][vc_column]<h1 class=\"grve-element grve-title grve-align-center grve-animated-item grve-fadeIn grve-h2\" style=\"\" data-delay=\"200\"><span>Prodotti<span class=\"grve-title-line grve-bg-primary-1\" style=\"width: 30px;height: 4px;\"><\/span><\/span><\/h1>\t\t\t<div class=\"grve-element grve-with-gap grve-portfolio grve-isotope forside_portfolio\" style=\"\" data-spinner=\"no\" data-columns=\"4\" data-columns-tablet-landscape=\"4\" data-columns-tablet-portrait=\"3\" data-columns-mobile=\"2\" data-layout=\"fitRows\" data-gutter-size=\"40\">\r\n\t\t\r\n\t\t\t<div class=\"grve-isotope-container\">\r\n\t\t\t\t\t\t\t<article id=\"portfolio-1348-69e9db6d3d030\" class=\"grve-isotope-item grve-portfolio-item  post-1348 portfolio type-portfolio status-publish has-post-thumbnail hentry portfolio_category-products-it\">\r\n\t\t\t\t\t\t\t\t\t\t\t\t\t\t\t\t\t<a class=\"\" href=\"http:\/\/biocotech.no\/produkter\/#m18\" target=\"_self\">\r\n\t\t\t\t\t\t\t\t\t\t<div class=\"grve-isotope-item-inner grve-zoomIn\">\r\n\t\t\t\t\t\t\t\t<figure class=\"grve-hover-style-1 grve-image-hover grve-zoom-none\">\r\n\t\t\t\t\t\t\t\t\t<div class=\"grve-media grve-bg-none\">\r\n\t\t\t\t\t\t\t\t\t\t\t\t\t\t\t\t\t\t\t\t<div class=\"grve-bg-light grve-hover-overlay grve-opacity-90\"><\/div>\r\n\t\t\t\t\t\t\t\t\t\t\t\t\t\t\t\t\t\t\t\t<img width=\"800\" height=\"600\" src=\"https:\/\/biocotech.no\/cms\/wp-content\/uploads\/2016\/04\/M18_render_e-800x600.jpg\" class=\"attachment-blade-grve-small-rect-horizontal size-blade-grve-small-rect-horizontal\" alt=\"BioSpeed M18\" decoding=\"async\" loading=\"lazy\" \/>\t\t\t\t\t\t\t\t\t<\/div>\r\n\t\t\t\t\t\t\t\t\t<figcaption class=\"grve-text-dark\">\r\n\t\t\t\t\t\t\t\t\t\t\t\t\t\t\t\t\t\t\t\t\t\t\t\t\t\t\t\t\t\t\t\t<div class=\"grve-portfolio-content\">\r\n\t\t\t\t\t\t\t\t\t\t\t\t\t\t\t\t\t\t\t\t\t\t\t\t<h2 class=\"grve-title grve-text-dark grve-h5\">BioSpeed M18<\/h2>\r\n\t\t\t\t\t\t\t\t\t\t\t\t\t\t\t\t\t\t\t\t\t\t\t\t\t\t\t\t\t\t\t\t\t\t\t\t<div class=\"grve-caption grve-text-dark\">Biospeed M18 er v\u00e5r st\u00f8rste maskin. Den er beregnet for storhusholdning og industri.<\/div>\r\n\t\t\t\t\t\t\t\t\t\t\t\t\t\t\t\t\t\t\t\t\t\t\t<\/div>\r\n\t\t\t\t\t\t\t\t\t\t\t\t\t\t\t\t\t\t\t<\/figcaption>\r\n\t\t\t\t\t\t\t\t<\/figure>\r\n\t\t\t\t\t\t\t<\/div>\r\n\t\t\t\t\t\t\t<\/a>\t\t\t\t\t\t\r\n\t\t\t\t\t<\/article>\r\n\t\t\t\t\t<article id=\"portfolio-1351-69e9db6d3d77c\" class=\"grve-isotope-item grve-portfolio-item  post-1351 portfolio type-portfolio status-publish has-post-thumbnail hentry portfolio_category-products-it\">\r\n\t\t\t\t\t\t\t\t\t\t\t\t\t\t\t\t\t<a class=\"\" href=\"http:\/\/biocotech.no\/produkter\/#m4\" target=\"_self\">\r\n\t\t\t\t\t\t\t\t\t\t<div class=\"grve-isotope-item-inner grve-zoomIn\">\r\n\t\t\t\t\t\t\t\t<figure class=\"grve-hover-style-1 grve-image-hover grve-zoom-none\">\r\n\t\t\t\t\t\t\t\t\t<div class=\"grve-media grve-bg-none\">\r\n\t\t\t\t\t\t\t\t\t\t\t\t\t\t\t\t\t\t\t\t<div class=\"grve-bg-light grve-hover-overlay grve-opacity-90\"><\/div>\r\n\t\t\t\t\t\t\t\t\t\t\t\t\t\t\t\t\t\t\t\t<img width=\"800\" height=\"600\" src=\"https:\/\/biocotech.no\/cms\/wp-content\/uploads\/2018\/02\/biospeed_m4-800x600.jpg\" class=\"attachment-blade-grve-small-rect-horizontal size-blade-grve-small-rect-horizontal\" alt=\"\" decoding=\"async\" loading=\"lazy\" \/>\t\t\t\t\t\t\t\t\t<\/div>\r\n\t\t\t\t\t\t\t\t\t<figcaption class=\"grve-text-dark\">\r\n\t\t\t\t\t\t\t\t\t\t\t\t\t\t\t\t\t\t\t\t\t\t\t\t\t\t\t\t\t\t\t\t<div class=\"grve-portfolio-content\">\r\n\t\t\t\t\t\t\t\t\t\t\t\t\t\t\t\t\t\t\t\t\t\t\t\t<h2 class=\"grve-title grve-text-dark grve-h5\">BioSpeed M4<\/h2>\r\n\t\t\t\t\t\t\t\t\t\t\t\t\t\t\t\t\t\t\t\t\t\t\t\t\t\t\t\t\t\t\t\t\t\t\t\t<div class=\"grve-caption grve-text-dark\">BioSpeed M4 \u00e8 la nostra macchina per compostaggio pi\u00f9 nuova. \u00c8 progettata per grandi alberghi, ristoranti e mense.<\/div>\r\n\t\t\t\t\t\t\t\t\t\t\t\t\t\t\t\t\t\t\t\t\t\t\t<\/div>\r\n\t\t\t\t\t\t\t\t\t\t\t\t\t\t\t\t\t\t\t<\/figcaption>\r\n\t\t\t\t\t\t\t\t<\/figure>\r\n\t\t\t\t\t\t\t<\/div>\r\n\t\t\t\t\t\t\t<\/a>\t\t\t\t\t\t\r\n\t\t\t\t\t<\/article>\r\n\t\t\t\t\t<article id=\"portfolio-1359-69e9db6d3df15\" class=\"grve-isotope-item grve-portfolio-item  post-1359 portfolio type-portfolio status-publish has-post-thumbnail hentry portfolio_category-products-it\">\r\n\t\t\t\t\t\t\t\t\t\t\t\t\t\t\t\t\t<a class=\"\" href=\"http:\/\/biocotech.no\/produkter\/#m2\" target=\"_self\">\r\n\t\t\t\t\t\t\t\t\t\t<div class=\"grve-isotope-item-inner grve-zoomIn\">\r\n\t\t\t\t\t\t\t\t<figure class=\"grve-hover-style-1 grve-image-hover grve-zoom-none\">\r\n\t\t\t\t\t\t\t\t\t<div class=\"grve-media grve-bg-none\">\r\n\t\t\t\t\t\t\t\t\t\t\t\t\t\t\t\t\t\t\t\t<div class=\"grve-bg-light grve-hover-overlay grve-opacity-90\"><\/div>\r\n\t\t\t\t\t\t\t\t\t\t\t\t\t\t\t\t\t\t\t\t<img width=\"800\" height=\"600\" src=\"https:\/\/biocotech.no\/cms\/wp-content\/uploads\/2016\/04\/M2_dekor_2-800x600.jpg\" class=\"attachment-blade-grve-small-rect-horizontal size-blade-grve-small-rect-horizontal\" alt=\"BioSpeed M2\" decoding=\"async\" loading=\"lazy\" \/>\t\t\t\t\t\t\t\t\t<\/div>\r\n\t\t\t\t\t\t\t\t\t<figcaption class=\"grve-text-dark\">\r\n\t\t\t\t\t\t\t\t\t\t\t\t\t\t\t\t\t\t\t\t\t\t\t\t\t\t\t\t\t\t\t\t<div class=\"grve-portfolio-content\">\r\n\t\t\t\t\t\t\t\t\t\t\t\t\t\t\t\t\t\t\t\t\t\t\t\t<h2 class=\"grve-title grve-text-dark grve-h5\">BioSpeed M2<\/h2>\r\n\t\t\t\t\t\t\t\t\t\t\t\t\t\t\t\t\t\t\t\t\t\t\t\t\t\t\t\t\t\t\t\t\t\t\t\t<div class=\"grve-caption grve-text-dark\">BioSpeed M2 \u00e8 la nostra macchina per compostaggio pi\u00f9 nuova e pi\u00f9 versatile. \u00c8 progettata per grandi alberghi, ristoranti e mense.<\/div>\r\n\t\t\t\t\t\t\t\t\t\t\t\t\t\t\t\t\t\t\t\t\t\t\t<\/div>\r\n\t\t\t\t\t\t\t\t\t\t\t\t\t\t\t\t\t\t\t<\/figcaption>\r\n\t\t\t\t\t\t\t\t<\/figure>\r\n\t\t\t\t\t\t\t<\/div>\r\n\t\t\t\t\t\t\t<\/a>\t\t\t\t\t\t\r\n\t\t\t\t\t<\/article>\r\n\t\t\t\t\t<article id=\"portfolio-1363-69e9db6d3e592\" class=\"grve-isotope-item grve-portfolio-item  post-1363 portfolio type-portfolio status-publish has-post-thumbnail hentry portfolio_category-products-it\">\r\n\t\t\t\t\t\t\t\t\t\t\t\t\t\t\t\t\t<a class=\"\" href=\"http:\/\/biocotech.no\/produkter\/#m1\" target=\"_self\">\r\n\t\t\t\t\t\t\t\t\t\t<div class=\"grve-isotope-item-inner grve-zoomIn\">\r\n\t\t\t\t\t\t\t\t<figure class=\"grve-hover-style-1 grve-image-hover grve-zoom-none\">\r\n\t\t\t\t\t\t\t\t\t<div class=\"grve-media grve-bg-none\">\r\n\t\t\t\t\t\t\t\t\t\t\t\t\t\t\t\t\t\t\t\t<div class=\"grve-bg-light grve-hover-overlay grve-opacity-90\"><\/div>\r\n\t\t\t\t\t\t\t\t\t\t\t\t\t\t\t\t\t\t\t\t<img width=\"800\" height=\"600\" src=\"https:\/\/biocotech.no\/cms\/wp-content\/uploads\/2016\/04\/M1_dekor_1-800x600.jpg\" class=\"attachment-blade-grve-small-rect-horizontal size-blade-grve-small-rect-horizontal\" alt=\"\" decoding=\"async\" loading=\"lazy\" \/>\t\t\t\t\t\t\t\t\t<\/div>\r\n\t\t\t\t\t\t\t\t\t<figcaption class=\"grve-text-dark\">\r\n\t\t\t\t\t\t\t\t\t\t\t\t\t\t\t\t\t\t\t\t\t\t\t\t\t\t\t\t\t\t\t\t<div class=\"grve-portfolio-content\">\r\n\t\t\t\t\t\t\t\t\t\t\t\t\t\t\t\t\t\t\t\t\t\t\t\t<h2 class=\"grve-title grve-text-dark grve-h5\">BioSpeed M1<\/h2>\r\n\t\t\t\t\t\t\t\t\t\t\t\t\t\t\t\t\t\t\t\t\t\t\t\t\t\t\t\t\t\t\t\t\t\t\t\t<div class=\"grve-caption grve-text-dark\">BioSpeed M1 er v\u00e5r minste kompostmaskin.. Denne er beregnet for kantiner, resuranter, og butikker med mindre mengde avfall.<\/div>\r\n\t\t\t\t\t\t\t\t\t\t\t\t\t\t\t\t\t\t\t\t\t\t\t<\/div>\r\n\t\t\t\t\t\t\t\t\t\t\t\t\t\t\t\t\t\t\t<\/figcaption>\r\n\t\t\t\t\t\t\t\t<\/figure>\r\n\t\t\t\t\t\t\t<\/div>\r\n\t\t\t\t\t\t\t<\/a>\t\t\t\t\t\t\r\n\t\t\t\t\t<\/article>\r\n\t\t\t\t<\/div>\r\n\t\t\t<\/div>\r\n\r\n\t\t[\/vc_column][\/vc_row][vc_row bg_type=&#8221;color&#8221; section_id=&#8221;bruksomrade&#8221; bg_color=&#8221;#f3f3f3&#8243; padding_top=&#8221;30&#8243; padding_bottom=&#8221;30&#8243;][vc_column]<h1 class=\"grve-element grve-title grve-align-center grve-animated-item grve-fadeIn grve-h2\" style=\"\" data-delay=\"200\"><span>Applicazioni<span class=\"grve-title-line grve-bg-primary-1\" style=\"width: 30px;height: 4px;\"><\/span><\/span><\/h1>[vc_column_text text_style=&#8221;leader-text&#8221;]<\/p>\n<p style=\"text-align: center;\">BioCoTech fornisce reattori di compostaggio per il settore della ristorazione, per ristoranti, mense e aziende alimentari. Le nostre macchine riducono la quantit\u00e0 di frazione organica dei rifiuti solidi del 70-90%.<\/p>\n<p>[\/vc_column_text]<div class=\"grve-element grve-align-center grve-animated-item grve-fadeIn\" data-delay=\"200\"><a href=\"https:\/\/biocotech.no\/om-biocotech\/\" class=\"grve-btn grve-btn-small grve-square grve-bg-primary-2 grve-bg-hover-primary-1\"><span>Continua a leggere<\/span><\/a><\/div>[\/vc_column][\/vc_row][vc_row section_id=&#8221;bruksomrade&#8221; padding_top=&#8221;30&#8243; padding_bottom=&#8221;30&#8243;][vc_column]<h1 class=\"grve-element grve-title grve-align-center grve-animated-item grve-fadeIn grve-h2\" style=\"\" data-delay=\"200\"><span>Metodo<span class=\"grve-title-line grve-bg-primary-1\" style=\"width: 30px;height: 4px;\"><\/span><\/span><\/h1>[vc_column_text text_style=&#8221;leader-text&#8221;]<\/p>\n<p style=\"text-align: center;\">Il processo di compostaggio BioSpeed \u00e8 basato su un metodo che consente alle popolazioni microbiche di operare in condizioni ottimali.<\/p>\n<p>[\/vc_column_text][vc_row_inner][vc_column_inner width=&#8221;1\/4&#8243;]<div class=\"grve-element grve-pie-chart grve-large\" style=\"\">  <div class=\"grve-chart-number\" data-percent=\"90\" data-pie-active-color=\"#9cbb53\" data-pie-color=\"#eeeeee\" data-pie-line-cap=\"round\" data-pie-size=\"large\" data-pie-line-size=\"6\">    <span class=\"grve-counter\" style=\"color:#9cbb53\">90%<\/span>  <\/div>\t  <h3 class=\"grve-chart-title grve-h5\">Riduzione<\/h3><\/div>[\/vc_column_inner][vc_column_inner width=&#8221;1\/4&#8243;]<div class=\"grve-element grve-pie-chart grve-large\" style=\"\">  <div class=\"grve-chart-number\" data-percent=\"40\" data-pie-active-color=\"#9cbb53\" data-pie-color=\"#eeeeee\" data-pie-line-cap=\"round\" data-pie-size=\"large\" data-pie-line-size=\"6\">    <span class=\"grve-counter\" style=\"color:#9cbb53\">40%<\/span>  <\/div>\t  <h3 class=\"grve-chart-title grve-h5\">Risparmi Collettivi<\/h3><\/div>[\/vc_column_inner][vc_column_inner width=&#8221;1\/4&#8243;]<div class=\"grve-element grve-pie-chart grve-large\" style=\"\">  <div class=\"grve-chart-number\" data-percent=\"\" data-pie-active-color=\"#9cbb53\" data-pie-color=\"#eeeeee\" data-pie-line-cap=\"round\" data-pie-size=\"large\" data-pie-line-size=\"6\">    <span class=\"grve-counter\" style=\"color:#9cbb53\">48t<\/span>  <\/div>\t  <h3 class=\"grve-chart-title grve-h5\">Lavorazione<\/h3><\/div>[\/vc_column_inner][vc_column_inner width=&#8221;1\/4&#8243;]<div class=\"grve-element grve-pie-chart grve-large\" style=\"\">  <div class=\"grve-chart-number\" data-percent=\"480\" data-pie-active-color=\"#9cbb53\" data-pie-color=\"#eeeeee\" data-pie-line-cap=\"round\" data-pie-size=\"large\" data-pie-line-size=\"6\">    <span class=\"grve-counter\" style=\"color:#9cbb53\">480tonnes<\/span>  <\/div>\t  <h3 class=\"grve-chart-title grve-h5\">Capacit\u00e0 annua<\/h3><\/div>[\/vc_column_inner][\/vc_row_inner][\/vc_column][\/vc_row][vc_row][vc_column]<div class=\"grve-element grve-video\" style=\"margin-bottom: 0%;\"><iframe title=\"BioCoTech\" width=\"1080\" height=\"608\" src=\"https:\/\/www.youtube.com\/embed\/kKfwYpQYWR8?feature=oembed\" frameborder=\"0\" allow=\"accelerometer; autoplay; clipboard-write; encrypted-media; gyroscope; picture-in-picture\" allowfullscreen><\/iframe><\/div>[\/vc_column][\/vc_row]<\/p>\n<\/section>","protected":false},"excerpt":{"rendered":"<p>[vc_row bg_type=&#8221;color&#8221; header_feature=&#8221;yes&#8221; section_id=&#8221;ombiocotech&#8221; bg_color=&#8221;#f3f3f3&#8243; padding_top=&#8221;30&#8243; padding_bottom=&#8221;30&#8243;][vc_column][vc_column_text text_style=&#8221;leader-text&#8221;] BioCoTech AS \u00e8 una societ\u00e0 operante nel campo delle tecnologie ambientali, settore in cui vanta un&#8217;esperienza ultraventennale e solide referenze commerciali. L&#8217;azienda ha il suo dipartimento sviluppo e ingegnerizzazione presso la sede principale di Bergen. [\/vc_column_text][\/vc_column][\/vc_row][vc_row section_type=&#8221;fullwidth&#8221; bg_type=&#8221;color&#8221; section_id=&#8221;produkter&#8221; bg_color=&#8221;#ffffff&#8221; padding_top=&#8221;30&#8243; padding_bottom=&#8221;30&#8243;][vc_column][\/vc_column][\/vc_row][vc_row bg_type=&#8221;color&#8221; section_id=&#8221;bruksomrade&#8221; bg_color=&#8221;#f3f3f3&#8243; padding_top=&#8221;30&#8243; padding_bottom=&#8221;30&#8243;][vc_column][vc_column_text [&hellip;]<\/p>\n","protected":false},"author":1,"featured_media":0,"parent":0,"menu_order":0,"comment_status":"closed","ping_status":"closed","template":"","meta":{"footnotes":""},"_links":{"self":[{"href":"https:\/\/biocotech.no\/it\/wp-json\/wp\/v2\/pages\/1334"}],"collection":[{"href":"https:\/\/biocotech.no\/it\/wp-json\/wp\/v2\/pages"}],"about":[{"href":"https:\/\/biocotech.no\/it\/wp-json\/wp\/v2\/types\/page"}],"author":[{"embeddable":true,"href":"https:\/\/biocotech.no\/it\/wp-json\/wp\/v2\/users\/1"}],"replies":[{"embeddable":true,"href":"https:\/\/biocotech.no\/it\/wp-json\/wp\/v2\/comments?post=1334"}],"version-history":[{"count":2,"href":"https:\/\/biocotech.no\/it\/wp-json\/wp\/v2\/pages\/1334\/revisions"}],"predecessor-version":[{"id":1963,"href":"https:\/\/biocotech.no\/it\/wp-json\/wp\/v2\/pages\/1334\/revisions\/1963"}],"wp:attachment":[{"href":"https:\/\/biocotech.no\/it\/wp-json\/wp\/v2\/media?parent=1334"}],"curies":[{"name":"wp","href":"https:\/\/api.w.org\/{rel}","templated":true}]}}