{"id":1373,"date":"2016-04-12T13:33:24","date_gmt":"2016-04-12T11:33:24","guid":{"rendered":"https:\/\/biocotech.no\/produkter\/"},"modified":"2021-05-31T15:46:55","modified_gmt":"2021-05-31T13:46:55","slug":"prodotti","status":"publish","type":"page","link":"https:\/\/biocotech.no\/it\/prodotti\/","title":{"rendered":"Prodotti"},"content":{"rendered":"<section class=\"wpb-content-wrapper\"><p>[vc_row bg_type=&#8221;color&#8221; header_feature=&#8221;yes&#8221; bg_color=&#8221;#f3f3f3&#8243; padding_top=&#8221;30&#8243; padding_bottom=&#8221;30&#8243; scroll_section_title=&#8221;BioSpeed M1&#8243;][vc_column]<h3 class=\"grve-element grve-title grve-align-center grve-animated-item grve-fadeIn grve-h3\" style=\"\" data-delay=\"200\"><span>Prodotti<span class=\"grve-title-line grve-bg-primary-1\" style=\"width: 50px;height: 4px;\"><\/span><\/span><\/h3>[vc_column_text]Le macchine per il compostaggio M1, M2 e M18 sono personalizzabili su misura in base alle esigenze del cliente, in quanto dotate di un&#8217;unit\u00e0 di riciclaggio e un dispositivo di sollevamento e ribaltamento per i bidoni di rifiuti. Offriamo soluzioni adatte a tutti i tipi di installazioni, sia per spazi interni che per esterni.[\/vc_column_text][\/vc_column][\/vc_row][vc_row padding_top=&#8221;125px&#8221; padding_bottom=&#8221;0px&#8221; section_id=&#8221;m1&#8243;][vc_column width=&#8221;1\/2&#8243;]<h3 class=\"grve-element grve-title grve-align-left grve-h3\" style=\"\"><span>BioSpeed M1<\/span><\/h3>[vc_column_text]BBioSpeed M1 \u00e8 la nostra macchina per compostaggio pi\u00f9 piccola.<br \/>\n\u00c8 progettata per l&#8217;utilizzo in mense, ristoranti e negozi con una produzione minima di rifiuti.<br \/>\nBioSpeed M1 riduce la quantit\u00e0 di rifiuti del 70-90%.[\/vc_column_text][vc_row_inner][vc_column_inner width=&#8221;1\/2&#8243;]<div class=\"grve-element grve-align-left\"><a href=\"https:\/\/biocotech.no\/cms\/wp-content\/uploads\/2018\/01\/M1_ITAL_NEW.pdf\" target=\"_blank\" class=\"grve-btn grve-btn-medium grve-square grve-bg-black grve-bg-hover-primary-1 grve-fullwidth-btn grve-fluid-btn-short\"><span>Scheda Tecnica<\/span><\/a><\/div>[\/vc_column_inner][vc_column_inner width=&#8221;1\/2&#8243;]<div class=\"grve-element grve-align-left\"><a href=\"#\" title=\"BioSpeed M1\" class=\"grve-btn grve-btn-medium grve-square grve-bg-black grve-bg-hover-primary-1 grve-fullwidth-btn grve-fluid-btn-short eModal-4\"><span>Richiest\u00e0<\/span><\/a><\/div>[\/vc_column_inner][vc_column_inner][vc_empty_space height=&#8221;20px&#8221;]<div class=\"grve-element grve-message grve-bg-primary-1 grve-bg-hover-primary-1 grve-animated-item grve-fadeIn\" style=\"\" data-delay=\"200\">  <i class=\"grve-message-icon fa fa-info-circle\"><\/i>  <p>Prezzo: leasing \/ acquisto con o senza sollevatore per bidoni<\/p><\/div>[\/vc_column_inner][\/vc_row_inner][\/vc_column][vc_column width=&#8221;1\/2&#8243;]<div class=\"grve-element grve-image grve-animated-item grve-fadeInRight grve-align-center\" style=\"\" data-delay=\"200\"><a class=\"grve-image-popup\" href=\"https:\/\/biocotech.no\/cms\/wp-content\/uploads\/2016\/04\/M1_dekor_2-1920x1070.jpg\"><img width=\"800\" height=\"600\" src=\"https:\/\/biocotech.no\/cms\/wp-content\/uploads\/2016\/04\/M1_dekor_2-800x600.jpg\" class=\"attachment-blade-grve-small-rect-horizontal size-blade-grve-small-rect-horizontal\" alt=\"BioSpeed M1\" decoding=\"async\" loading=\"lazy\" \/><\/a><\/div>[\/vc_column][\/vc_row][vc_row section_id=&#8221;m2&#8243;][vc_column]<div class=\"grve-element grve-hr \" style=\"\"><div class=\"grve-line-divider\"><\/div><\/div>[\/vc_column][\/vc_row][vc_row padding_top=&#8221;100px&#8221; padding_bottom=&#8221;0px&#8221; scroll_section_title=&#8221;BioSpeed M2&#8243;][vc_column width=&#8221;1\/2&#8243;]<div class=\"grve-element grve-image grve-animated-item grve-fadeInLeft grve-align-center\" style=\"\" data-delay=\"200\"><a class=\"grve-image-popup\" href=\"https:\/\/biocotech.no\/cms\/wp-content\/uploads\/2016\/04\/M2_dekor_2-1920x1031.jpg\"><img width=\"800\" height=\"600\" src=\"https:\/\/biocotech.no\/cms\/wp-content\/uploads\/2016\/04\/M2_dekor_2-800x600.jpg\" class=\"attachment-blade-grve-small-rect-horizontal size-blade-grve-small-rect-horizontal\" alt=\"BioSpeed M2\" decoding=\"async\" loading=\"lazy\" \/><\/a><\/div>[\/vc_column][vc_column width=&#8221;1\/2&#8243;]<h3 class=\"grve-element grve-title grve-align-left grve-h3\" style=\"\"><span>BioSpeed M2<\/span><\/h3>[vc_column_text]BioSpeed M2 \u00e8 la nostra macchina per compostaggio pi\u00f9 versatile. \u00c8 progettata per l&#8217;utilizzo nel settore della ristorazione, in hotel, ristoranti e mense.<\/p>\n<p>M2 riduce la quantit\u00e0 di rifiuti del 70-90% e pu\u00f2 essere equipaggiata con un sollevatore per bidoni di rifiuti da 140 litri di capienza.[\/vc_column_text][vc_row_inner][vc_column_inner width=&#8221;1\/2&#8243;]<div class=\"grve-element grve-align-left\"><a href=\"https:\/\/biocotech.no\/cms\/wp-content\/uploads\/2018\/01\/M2_ITAL_NEW.pdf\" title=\"BioSpeed\" target=\"_blank\" class=\"grve-btn grve-btn-medium grve-square grve-bg-black grve-bg-hover-primary-1 grve-fullwidth-btn grve-fluid-btn-short\"><span>Scheda Tecnica<\/span><\/a><\/div>[\/vc_column_inner][vc_column_inner width=&#8221;1\/2&#8243;]<div class=\"grve-element grve-align-left eModal-5\"><a href=\"#\" title=\"BioSpeed M2\" target=\"_blank\" class=\"grve-btn grve-btn-medium grve-square grve-bg-black grve-bg-hover-primary-1 grve-fullwidth-btn grve-fluid-btn-short\"><span>Richiesta<\/span><\/a><\/div>[\/vc_column_inner][\/vc_row_inner][vc_empty_space height=&#8221;20px&#8221;]<div class=\"grve-element grve-message grve-bg-primary-1 grve-bg-hover-primary-1 grve-animated-item grve-fadeIn\" style=\"\" data-delay=\"200\">  <i class=\"grve-message-icon fa fa-info-circle\"><\/i>  <p>Prezzo: leasing \/ acquisto con o senza sollevatore per bidoni<\/p><\/div>[\/vc_column][\/vc_row][vc_row padding_top=&#8221;100px&#8221; padding_bottom=&#8221;0px&#8221; scroll_section_title=&#8221;BioSpeed M2&#8243; section_id=&#8221;m4&#8243;][vc_column width=&#8221;1\/2&#8243;]<h3 class=\"grve-element grve-title grve-align-left grve-h3\" style=\"\"><span>BioSpeed M4<\/span><\/h3>[vc_column_text]BioSpeed M4 \u00e8 la nostra macchina per compostaggio pi\u00f9 nuova. \u00c8 progettata per l&#8217;utilizzo nel settore della ristorazione, in hotel, ristoranti e mense.<\/p>\n<p>M4 riduce la quantit\u00e0 di rifiuti del 70-90% e pu\u00f2 essere equipaggiata con un sollevatore per bidoni di rifiuti da 140 litri di capienza.[\/vc_column_text][vc_row_inner][vc_column_inner width=&#8221;1\/2&#8243;]<div class=\"grve-element grve-align-left\"><a href=\"https:\/\/biocotech.no\/cms\/wp-content\/uploads\/2018\/02\/M4_ITAL.pdf\" title=\"BioSpeed\" target=\"_blank\" class=\"grve-btn grve-btn-medium grve-square grve-bg-black grve-bg-hover-primary-1 grve-fullwidth-btn grve-fluid-btn-short\"><span>Scheda Tecnica<\/span><\/a><\/div>[\/vc_column_inner][vc_column_inner width=&#8221;1\/2&#8243;]<div class=\"grve-element grve-align-left eModal-5\"><a href=\"#\" title=\"BioSpeed M2\" target=\"_blank\" class=\"grve-btn grve-btn-medium grve-square grve-bg-black grve-bg-hover-primary-1 grve-fullwidth-btn grve-fluid-btn-short\"><span>Richiesta<\/span><\/a><\/div>[\/vc_column_inner][\/vc_row_inner][vc_empty_space height=&#8221;20px&#8221;]<div class=\"grve-element grve-message grve-bg-primary-1 grve-bg-hover-primary-1 grve-animated-item grve-fadeIn\" style=\"\" data-delay=\"200\">  <i class=\"grve-message-icon fa fa-info-circle\"><\/i>  <p>Prezzo: leasing \/ acquisto con o senza sollevatore per bidoni<\/p><\/div>[\/vc_column][vc_column width=&#8221;1\/2&#8243;]<div class=\"grve-element grve-image grve-animated-item grve-fadeInLeft grve-align-center\" style=\"\" data-delay=\"200\"><a class=\"grve-image-popup\" href=\"https:\/\/biocotech.no\/cms\/wp-content\/uploads\/2018\/02\/biospeed_m4-1920x1080.jpg\"><img width=\"800\" height=\"600\" src=\"https:\/\/biocotech.no\/cms\/wp-content\/uploads\/2018\/02\/biospeed_m4-800x600.jpg\" class=\"attachment-blade-grve-small-rect-horizontal size-blade-grve-small-rect-horizontal\" alt=\"\" decoding=\"async\" loading=\"lazy\" \/><\/a><\/div>[\/vc_column][\/vc_row][vc_row section_id=&#8221;m18&#8243;][vc_column]<div class=\"grve-element grve-hr \" style=\"\"><div class=\"grve-line-divider\"><\/div><\/div>[\/vc_column][\/vc_row][vc_row padding_top=&#8221;100px&#8221; padding_bottom=&#8221;0px&#8221; scroll_section_title=&#8221;BioSpeed M18&#8243;][vc_column width=&#8221;1\/2&#8243;]<h3 class=\"grve-element grve-title grve-align-left grve-h3\" style=\"\"><span>BioSpeed M18<\/span><\/h3>[vc_column_text]Biospeed M18 \u00e8 la nostra macchina per compostaggio pi\u00f9 grande. \u00c8 progettata per il settore della ristorazione e per l&#8217;uso industriale.[\/vc_column_text][vc_row_inner][vc_column_inner width=&#8221;1\/2&#8243;]<div class=\"grve-element grve-align-left\"><a href=\"https:\/\/biocotech.no\/cms\/wp-content\/uploads\/2018\/01\/M18_ITAL_NEW.pdf\" title=\"BioSpeed M18\" target=\"_blank\" class=\"grve-btn grve-btn-medium grve-square grve-bg-black grve-bg-hover-primary-1 grve-fullwidth-btn grve-fluid-btn-short\"><span>Scheda Tecnica<\/span><\/a><\/div>[\/vc_column_inner][vc_column_inner width=&#8221;1\/2&#8243;]<div class=\"grve-element grve-align-left\"><a href=\"#\" title=\"BioSpeed M18\" target=\"_blank\" class=\"grve-btn grve-btn-medium grve-square grve-bg-black grve-bg-hover-primary-1 grve-fullwidth-btn grve-fluid-btn-short eModal-6\"><span>Richiesta<\/span><\/a><\/div>[\/vc_column_inner][\/vc_row_inner][vc_empty_space height=&#8221;20px&#8221;]<div class=\"grve-element grve-message grve-bg-primary-1 grve-bg-hover-primary-1 grve-animated-item grve-fadeIn\" style=\"\" data-delay=\"200\">  <i class=\"grve-message-icon fa fa-info-circle\"><\/i>  <p>Prezzo: leasing \/ acquisto con o senza sollevatore per bidoni<\/p><\/div>[\/vc_column][vc_column width=&#8221;1\/2&#8243;]<div class=\"grve-element grve-image grve-animated-item grve-fadeInRight grve-align-center\" style=\"\" data-delay=\"200\"><a class=\"grve-image-popup\" href=\"https:\/\/biocotech.no\/cms\/wp-content\/uploads\/2016\/04\/M18_render08_web-1920x1080.jpg\"><img width=\"800\" height=\"600\" src=\"https:\/\/biocotech.no\/cms\/wp-content\/uploads\/2016\/04\/M18_render08_web-800x600.jpg\" class=\"attachment-blade-grve-small-rect-horizontal size-blade-grve-small-rect-horizontal\" alt=\"BioSpeed M18\" decoding=\"async\" loading=\"lazy\" \/><\/a><\/div>[\/vc_column][\/vc_row][vc_row][vc_column]<div class=\"grve-element grve-hr \" style=\"\"><div class=\"grve-line-divider\"><\/div><\/div>[\/vc_column][\/vc_row][vc_row padding_top=&#8221;30px&#8221; padding_bottom=&#8221;30px&#8221;][vc_column width=&#8221;1\/2&#8243;]<div class=\"grve-element grve-image grve-animated-item grve-fadeInRight grve-align-center\" style=\"\" data-delay=\"200\"><a class=\"grve-image-popup\" href=\"https:\/\/biocotech.no\/cms\/wp-content\/uploads\/2016\/04\/smal-bin-2_bla\u030a_web-1920x1280.jpg\"><img width=\"800\" height=\"600\" src=\"https:\/\/biocotech.no\/cms\/wp-content\/uploads\/2016\/04\/smal-bin-2_bla\u030a_web-800x600.jpg\" class=\"attachment-blade-grve-small-rect-horizontal size-blade-grve-small-rect-horizontal\" alt=\"Resirkulering\" decoding=\"async\" loading=\"lazy\" \/><\/a><\/div>[\/vc_column][vc_column width=&#8221;1\/2&#8243;]<h3 class=\"grve-element grve-title grve-align-left grve-h3\" style=\"\"><span>Price list and additional products<\/span><\/h3>[vc_column_text]We supply solutions adapted to the needs of the customer.<br \/>\nContact us to find our more. We will be happy to help you.[\/vc_column_text]<div class=\"grve-element grve-align-left\"><a href=\"mailto:tarje@biocotech.no?subject=Price%20request%20Biocotech\" target=\"_blank\" class=\"grve-btn grve-btn-medium grve-square grve-bg-black grve-bg-hover-primary-1\"><span><i class=\"fa fa-file-pdf-o\"><\/i>Price request<\/span><\/a><\/div>[\/vc_column][\/vc_row]<\/p>\n<\/section>","protected":false},"excerpt":{"rendered":"<p>[vc_row bg_type=&#8221;color&#8221; header_feature=&#8221;yes&#8221; bg_color=&#8221;#f3f3f3&#8243; padding_top=&#8221;30&#8243; padding_bottom=&#8221;30&#8243; scroll_section_title=&#8221;BioSpeed M1&#8243;][vc_column][vc_column_text]Le macchine per il compostaggio M1, M2 e M18 sono personalizzabili su misura in base alle esigenze del cliente, in quanto dotate di un&#8217;unit\u00e0 di riciclaggio e un dispositivo di sollevamento e ribaltamento per i bidoni di rifiuti. Offriamo soluzioni adatte a tutti i tipi di installazioni, sia [&hellip;]<\/p>\n","protected":false},"author":1,"featured_media":0,"parent":0,"menu_order":0,"comment_status":"closed","ping_status":"closed","template":"","meta":{"footnotes":""},"_links":{"self":[{"href":"https:\/\/biocotech.no\/it\/wp-json\/wp\/v2\/pages\/1373"}],"collection":[{"href":"https:\/\/biocotech.no\/it\/wp-json\/wp\/v2\/pages"}],"about":[{"href":"https:\/\/biocotech.no\/it\/wp-json\/wp\/v2\/types\/page"}],"author":[{"embeddable":true,"href":"https:\/\/biocotech.no\/it\/wp-json\/wp\/v2\/users\/1"}],"replies":[{"embeddable":true,"href":"https:\/\/biocotech.no\/it\/wp-json\/wp\/v2\/comments?post=1373"}],"version-history":[{"count":0,"href":"https:\/\/biocotech.no\/it\/wp-json\/wp\/v2\/pages\/1373\/revisions"}],"wp:attachment":[{"href":"https:\/\/biocotech.no\/it\/wp-json\/wp\/v2\/media?parent=1373"}],"curies":[{"name":"wp","href":"https:\/\/api.w.org\/{rel}","templated":true}]}}