{"id":1507,"date":"2016-04-12T13:33:49","date_gmt":"2016-04-12T11:33:49","guid":{"rendered":"https:\/\/biocotech.no\/virkemate\/"},"modified":"2023-08-31T20:15:14","modified_gmt":"2023-08-31T18:15:14","slug":"metodo","status":"publish","type":"page","link":"https:\/\/biocotech.no\/it\/metodo\/","title":{"rendered":"Metodo"},"content":{"rendered":"<section class=\"wpb-content-wrapper\"><p>[vc_row header_feature=&#8221;yes&#8221; margin_bottom=&#8221;60&#8243; padding_bottom=&#8221;40&#8243;][vc_column]<div class=\"avt_masterslider_el \" >\n\t\t<!-- MasterSlider -->\n\t\t<div id=\"P_MS64e48f8b159ec\" class=\"master-slider-parent ms-parent-id-8\" style=\"max-width:1600px;\" >\n\n\t\t\t\n\t\t\t<!-- MasterSlider Main -->\n\t\t\t<div id=\"MS64e48f8b159ec\" class=\"master-slider ms-skin-default\" >\n\t\t\t\t \t\t\t\t \n\n\t\t\t<div  class=\"ms-slide\" data-delay=\"3\" data-fill-mode=\"fill\"   >\n\t\t\t\t\t<img src=\"https:\/\/biocotech.no\/cms\/wp-content\/plugins\/masterslider\/public\/assets\/css\/blank.gif\" alt=\"Slide 1\" title=\"slide_1\" data-src=\"https:\/\/biocotech.no\/cms\/wp-content\/uploads\/2017\/04\/slide_1.jpeg\" \/>\n\n\n\t<img class=\"ms-thumb\" src=\"https:\/\/biocotech.no\/cms\/wp-content\/uploads\/2016\/09\/bilde121.jpg\" alt=\"Slide 1\" \/>\n\t\t\t\t<\/div>\n\t\t\t<div  class=\"ms-slide\" data-delay=\"3\" data-fill-mode=\"fill\"   >\n\t\t\t\t\t<img src=\"https:\/\/biocotech.no\/cms\/wp-content\/plugins\/masterslider\/public\/assets\/css\/blank.gif\" alt=\"\" title=\"slide_2\" data-src=\"https:\/\/biocotech.no\/cms\/wp-content\/uploads\/2017\/04\/slide_2.jpeg\" \/>\n\n\n\t<img class=\"ms-thumb\" src=\"https:\/\/biocotech.no\/cms\/wp-content\/uploads\/2016\/09\/Bilde320.jpg\" alt=\"\" \/>\n\t\t\t\t<\/div>\n\t\t\t<div  class=\"ms-slide\" data-delay=\"3\" data-fill-mode=\"fill\"   >\n\t\t\t\t\t<img src=\"https:\/\/biocotech.no\/cms\/wp-content\/plugins\/masterslider\/public\/assets\/css\/blank.gif\" alt=\"\" title=\"slide_3\" data-src=\"https:\/\/biocotech.no\/cms\/wp-content\/uploads\/2017\/04\/slide_3.jpeg\" \/>\n\n\n\t<img class=\"ms-thumb\" src=\"https:\/\/biocotech.no\/cms\/wp-content\/uploads\/2016\/09\/Bilde320.jpg\" alt=\"\" \/>\n\t\t\t\t<\/div>\n\t\t\t<div  class=\"ms-slide\" data-delay=\"3\" data-fill-mode=\"fill\"   >\n\t\t\t\t\t<img src=\"https:\/\/biocotech.no\/cms\/wp-content\/plugins\/masterslider\/public\/assets\/css\/blank.gif\" alt=\"\" title=\"slide_4\" data-src=\"https:\/\/biocotech.no\/cms\/wp-content\/uploads\/2017\/04\/slide_4.jpeg\" \/>\n\n\n\t<img class=\"ms-thumb\" src=\"https:\/\/biocotech.no\/cms\/wp-content\/uploads\/2016\/09\/Bilde420.jpg\" alt=\"\" \/>\n\t\t\t\t<\/div>\n\t\t\t<div  class=\"ms-slide\" data-delay=\"3\" data-fill-mode=\"fill\"   >\n\t\t\t\t\t<img src=\"https:\/\/biocotech.no\/cms\/wp-content\/plugins\/masterslider\/public\/assets\/css\/blank.gif\" alt=\"\" title=\"slide_5\" data-src=\"https:\/\/biocotech.no\/cms\/wp-content\/uploads\/2017\/04\/slide_5.jpeg\" \/>\n\n\n\t<img class=\"ms-thumb\" src=\"https:\/\/biocotech.no\/cms\/wp-content\/uploads\/2016\/09\/Bilde620.jpg\" alt=\"\" \/>\n\t\t\t\t<\/div>\n\t\t\t<div  class=\"ms-slide\" data-delay=\"3\" data-fill-mode=\"fill\"   >\n\t\t\t\t\t<img src=\"https:\/\/biocotech.no\/cms\/wp-content\/plugins\/masterslider\/public\/assets\/css\/blank.gif\" alt=\"\" title=\"slide_6\" data-src=\"https:\/\/biocotech.no\/cms\/wp-content\/uploads\/2017\/04\/slide_6.jpeg\" \/>\n\n\n\t<img class=\"ms-thumb\" src=\"https:\/\/biocotech.no\/cms\/wp-content\/uploads\/2016\/09\/Bilde620.jpg\" alt=\"\" \/>\n\t\t\t\t<\/div>\n\t\t\t<div  class=\"ms-slide\" data-delay=\"3\" data-fill-mode=\"fill\"   >\n\t\t\t\t\t<img src=\"https:\/\/biocotech.no\/cms\/wp-content\/plugins\/masterslider\/public\/assets\/css\/blank.gif\" alt=\"\" title=\"slide_7\" data-src=\"https:\/\/biocotech.no\/cms\/wp-content\/uploads\/2017\/04\/slide_7.jpeg\" \/>\n\n\n\t<img class=\"ms-thumb\" src=\"https:\/\/biocotech.no\/cms\/wp-content\/uploads\/2016\/09\/Bilde720.jpg\" alt=\"\" \/>\n\t\t\t\t<\/div>\n\t\t\t<div  class=\"ms-slide\" data-delay=\"3\" data-fill-mode=\"fill\"   >\n\t\t\t\t\t<img src=\"https:\/\/biocotech.no\/cms\/wp-content\/plugins\/masterslider\/public\/assets\/css\/blank.gif\" alt=\"\" title=\"slide_8\" data-src=\"https:\/\/biocotech.no\/cms\/wp-content\/uploads\/2017\/04\/slide_8.jpeg\" \/>\n\n\n\t<img class=\"ms-thumb\" src=\"https:\/\/biocotech.no\/cms\/wp-content\/uploads\/2016\/09\/Bilde820.jpg\" alt=\"\" \/>\n\t\t\t\t<\/div>\n\t\t\t<div  class=\"ms-slide\" data-delay=\"3\" data-fill-mode=\"fill\"   >\n\t\t\t\t\t<img src=\"https:\/\/biocotech.no\/cms\/wp-content\/plugins\/masterslider\/public\/assets\/css\/blank.gif\" alt=\"\" title=\"slide_9\" data-src=\"https:\/\/biocotech.no\/cms\/wp-content\/uploads\/2017\/04\/slide_9.jpeg\" \/>\n\n\n\t<img class=\"ms-thumb\" src=\"https:\/\/biocotech.no\/cms\/wp-content\/uploads\/2016\/09\/Bilde920.jpg\" alt=\"\" \/>\n\t\t\t\t<\/div>\n\n\t\t\t<\/div>\n\t\t\t<!-- END MasterSlider Main -->\n\n\t\t\t \n\t\t<\/div>\n\t\t<!-- END MasterSlider -->\n\n\t\t<script>\n\t\t( window.MSReady = window.MSReady || [] ).push( function( $ ) {\n\n\t\t\t\"use strict\";\n\t\t\tvar masterslider_59ec = new MasterSlider();\n\n\t\t\t\/\/ slider controls\n\t\t\tmasterslider_59ec.control('thumblist'  ,{ autohide:false, overVideo:true, dir:'h', speed:17, inset:false, arrows:false, hover:false, customClass:'ms-has-thumb', align:'bottom',type:'thumbs', margin:10, width:100, height:80, space:5, fillMode:'fit'  });\n\t\t\t\/\/ slider setup\n\t\t\tmasterslider_59ec.setup(\"MS64e48f8b159ec\", {\n\t\t\t\twidth           : 1600,\n\t\t\t\theight          : 450,\n\t\t\t\tminHeight       : 0,\n\t\t\t\tspace           : 0,\n\t\t\t\tstart           : 1,\n\t\t\t\tgrabCursor      : true,\n\t\t\t\tswipe           : true,\n\t\t\t\tmouse           : true,\n\t\t\t\tkeyboard        : false,\n\t\t\t\tlayout          : \"boxed\",\n\t\t\t\twheel           : false,\n\t\t\t\tautoplay        : true,\n                instantStartLayers:true,\n\t\t\t\tmobileBGVideo:false,\n\t\t\t\tloop            : true,\n\t\t\t\tshuffle         : false,\n\t\t\t\tpreload         : 0,\n\t\t\t\theightLimit     : true,\n\t\t\t\tautoHeight      : true,\n\t\t\t\tsmoothHeight    : true,\n\t\t\t\tendPause        : false,\n\t\t\t\toverPause       : true,\n\t\t\t\tfillMode        : \"fill\",\n\t\t\t\tcenterControls  : true,\n\t\t\t\tstartOnAppear   : false,\n\t\t\t\tlayersMode      : \"center\",\n\t\t\t\tautofillTarget  : \"\",\n\t\t\t\thideLayers      : false,\n\t\t\t\tfullscreenMargin: 0,\n\t\t\t\tspeed           : 18,\n\t\t\t\tdir             : \"h\",\n\t\t\t\tresponsive      : true,\n\t\t\t\ttabletWidth     : 768,\n\t\t\t\ttabletHeight    : null,\n\t\t\t\tphoneWidth      : 480,\n\t\t\t\tphoneHeight    : null,\n\t\t\t\tsizingReference : window,\n\t\t\t\tparallaxMode    : 'swipe',\n\t\t\t\tview            : \"fade\"\n\t\t\t});\n\n\t\t\t\n\t\t\twindow.masterslider_instances = window.masterslider_instances || [];\n\t\t\twindow.masterslider_instances.push( masterslider_59ec );\n\t\t});\n\t\t<\/script>\n\n<\/div>[vc_empty_space][\/vc_column][\/vc_row][vc_row bg_type=&#8221;color&#8221; header_feature=&#8221;yes&#8221; bg_color=&#8221;#f3f3f3&#8243; padding_top=&#8221;20&#8243; padding_bottom=&#8221;20&#8243; margin_bottom=&#8221;20&#8243;][vc_column]<h3 class=\"grve-element grve-title grve-align-center grve-animated-item grve-fadeIn grve-h3\" style=\"\" data-delay=\"200\"><span>Metodo<span class=\"grve-title-line grve-bg-primary-1\" style=\"width: 50px;height: 4px;\"><\/span><\/span><\/h3>[\/vc_column][\/vc_row][vc_row][vc_column][vc_column_text]Il processo di compostaggio BioSpeed \u00e8 basato su un metodo che consente alle popolazioni microbiche di operare in condizioni ottimali. Tutti i microrganismi utilizzati nel sistema BioSpeed, compresi quelli che degradano attivamente la cellulosa, sono microrganismi mesofili e termofili avanzati, ovvero microrganismi che operano fino a temperature di 80 gradi Celsius (<sup>o<\/sup>C).<\/p>\n<p>Questi parametri permettono una decomposizione accelerata e continua di materiale organico in polvere, conferendo una capacit\u00e0 elevata a macchine compatte.[\/vc_column_text][vc_empty_space][\/vc_column][vc_column width=&#8221;1\/2&#8243;][vc_column_text css=&#8221;.vc_custom_1515699867472{padding-top: 30px !important;padding-right: 30px !important;padding-bottom: 30px !important;padding-left: 30px !important;background-color: #f0f0f0 !important;}&#8221;]<strong>Ecco come funziona una macchina per il compostaggio BioSpeed:<\/strong><\/p>\n<ul>\n<li>The food waste is emptied into a processing chamber, either directly or through a mincer.<\/li>\n<li>The machine processes and aerates the waste using an innovative mixing technique.<\/li>\n<li>In the course of 24-72 hours, microbes break down the waste into a compost powder that is automatically discharged from the processing chamber.<\/li>\n<li>The compost powder is hygienic and easy to empty.<\/li>\n<\/ul>\n<p>[\/vc_column_text][\/vc_column][vc_column width=&#8221;1\/2&#8243;]<div class=\"avt_masterslider_el \" >\n\t\t<!-- MasterSlider -->\n\t\t<div id=\"P_MS6123837866315\" class=\"master-slider-parent ms-parent-id-7\" style=\"max-width:854px;\"  >\n\n\t\t\t\n\t\t\t<!-- MasterSlider Main -->\n\t\t\t<div id=\"MS6123837866315\" class=\"master-slider ms-skin-default\" >\n\t\t\t\t \t\t\t\t \n\n\t\t\t<div  class=\"ms-slide\" data-delay=\"3\" data-fill-mode=\"fill\"   >\n\n\t\t\t\t\t<img  class=\"ms-layer\" src=\"https:\/\/biocotech.no\/cms\/wp-content\/plugins\/masterslider\/public\/assets\/css\/blank.gif\" data-src=\"https:\/\/biocotech.no\/cms\/wp-content\/uploads\/2016\/05\/virkemate_sirkel.png\" alt=\"\" style=\"\"  data-effect=\"t(true,n,n,n,-360,n,n,n,n,n,n,n,n,n,n)\" data-duration=\"30000\"  data-ease=\"easeOutQuint\"        data-type=\"image\"          data-offset-x=\"0\" data-offset-y=\"0\" data-origin=\"tl\"  \/>\n\n\t\t\t\t\t<img  class=\"ms-layer\" src=\"https:\/\/biocotech.no\/cms\/wp-content\/plugins\/masterslider\/public\/assets\/css\/blank.gif\" data-src=\"https:\/\/biocotech.no\/cms\/wp-content\/uploads\/2017\/04\/virkemate_info_en.png\" alt=\"\" style=\"\"  data-effect=\"t(true,n,n,n,n,n,n,n,n,n,n,n,n,n,n)\"  data-delay=\"62\" data-ease=\"easeOutQuint\"        data-type=\"image\"          data-offset-x=\"0\" data-offset-y=\"0\" data-origin=\"tl\"  \/>\n\n\n\t\t\t\t<\/div>\n\n\t\t\t<\/div>\n\t\t\t<!-- END MasterSlider Main -->\n\n\t\t\t \n\t\t<\/div>\n\t\t<!-- END MasterSlider -->\n\n\t\t<script>\n\t\t( window.MSReady = window.MSReady || [] ).push( function( $ ) {\n\n\t\t\t\"use strict\";\n\t\t\tvar masterslider_6315 = new MasterSlider();\n\n\t\t\t\/\/ slider controls\n\t\t\t\/\/ slider setup\n\t\t\tmasterslider_6315.setup(\"MS6123837866315\", {\n\t\t\t\twidth           : 854,\n\t\t\t\theight          : 620,\n\t\t\t\tminHeight       : 0,\n\t\t\t\tspace           : 0,\n\t\t\t\tstart           : 1,\n\t\t\t\tgrabCursor      : false,\n\t\t\t\tswipe           : false,\n\t\t\t\tmouse           : false,\n\t\t\t\tkeyboard        : false,\n\t\t\t\tlayout          : \"boxed\",\n\t\t\t\twheel           : false,\n\t\t\t\tautoplay        : false,\n                instantStartLayers:false,\n\t\t\t\tmobileBGVideo:false,\n\t\t\t\tloop            : false,\n\t\t\t\tshuffle         : false,\n\t\t\t\tpreload         : 0,\n\t\t\t\theightLimit     : true,\n\t\t\t\tautoHeight      : false,\n\t\t\t\tsmoothHeight    : true,\n\t\t\t\tendPause        : false,\n\t\t\t\toverPause       : true,\n\t\t\t\tfillMode        : \"fill\",\n\t\t\t\tcenterControls  : true,\n\t\t\t\tstartOnAppear   : false,\n\t\t\t\tlayersMode      : \"center\",\n\t\t\t\tautofillTarget  : \"\",\n\t\t\t\thideLayers      : false,\n\t\t\t\tfullscreenMargin: 0,\n\t\t\t\tspeed           : 20,\n\t\t\t\tdir             : \"h\",\n\t\t\t\tresponsive      : true,\n\t\t\t\ttabletWidth     : 768,\n\t\t\t\ttabletHeight    : null,\n\t\t\t\tphoneWidth      : 480,\n\t\t\t\tphoneHeight    : null,\n\t\t\t\tsizingReference : window,\n\t\t\t\tparallaxMode    : 'swipe',\n\t\t\t\tview            : \"basic\"\n\t\t\t});\n\n\t\t\t\n\t\t\twindow.masterslider_instances = window.masterslider_instances || [];\n\t\t\twindow.masterslider_instances.push( masterslider_6315 );\n\t\t});\n\t\t<\/script>\n\n<\/div>[\/vc_column][\/vc_row][vc_row padding_top=&#8221;30&#8243; padding_bottom=&#8221;30&#8243;][vc_column][vc_custom_heading text=&#8221;Advantages of using a BioSpeed composting reactor:&#8221; font_container=&#8221;tag:h4|text_align:left&#8221; use_theme_fonts=&#8221;yes&#8221;][vc_empty_space][vc_row_inner][vc_column_inner width=&#8221;1\/2&#8243;]<div class=\"grve-element grve-box-icon grve-align-left grve-small\" style=\"margin-bottom: 20px;\">  <div class=\"grve-wrapper-icon grve-no-shape grve-text-grey\"><i class=\"fas fa-check grve-text-primary-1\"><\/i><\/div>  <div class=\"grve-box-content\">    <p class=\"\">La lavorazione a ciclo continuo dei residui alimentari elimina la necessit\u00e0 di una stanza di raffreddamento per lo stoccaggio temporaneo dei bidoni.<\/p>  <\/div><\/div><div class=\"grve-element grve-box-icon grve-align-left grve-small\" style=\"margin-bottom: 20px;\">  <div class=\"grve-wrapper-icon grve-no-shape grve-text-grey\"><i class=\"fas fa-check grve-text-primary-1\"><\/i><\/div>  <div class=\"grve-box-content\">    <p class=\"\">Il contenuto di un bidone standard da 140 litri utilizzato in cucina pu\u00f2 essere rovesciato direttamente nella macchina tramite un sollevatore idraulico per bidoni.<\/p>  <\/div><\/div><div class=\"grve-element grve-box-icon grve-align-left grve-small\" style=\"margin-bottom: 20px;\">  <div class=\"grve-wrapper-icon grve-no-shape grve-text-grey\"><i class=\"fas fa-check grve-text-primary-1\"><\/i><\/div>  <div class=\"grve-box-content\">    <p class=\"\">I rifiuti trasformati e ridotti di volume sono scaricati automaticamente in un contenitore standard da 140 litri (o pi\u00f9 grande). Il successivo trasporto avverr\u00e0 quindi in base ai normali accorgimenti logistici preesistenti.<\/p>  <\/div><\/div><div class=\"grve-element grve-box-icon grve-align-left grve-small\" style=\"margin-bottom: 20px;\">  <div class=\"grve-wrapper-icon grve-no-shape grve-text-grey\"><i class=\"fas fa-check grve-text-primary-1\"><\/i><\/div>  <div class=\"grve-box-content\">    <p class=\"\">La riduzione dei volumi oggetto di trasporto si traduce in una riduzione delle emissioni di CO2 nell\u2019atmosfera.<\/p>  <\/div><\/div><div class=\"grve-element grve-box-icon grve-align-left grve-small\" style=\"margin-bottom: 20px;\">  <div class=\"grve-wrapper-icon grve-no-shape grve-text-grey\"><i class=\"fas fa-check grve-text-primary-1\"><\/i><\/div>  <div class=\"grve-box-content\">    <p class=\"\">Il prodotto finale al termine della riduzione dei volumi pu\u00f2 essere utilizzato come materiale ammendante e fertilizzante.<\/p>  <\/div><\/div><div class=\"grve-element grve-box-icon grve-align-left grve-small\" style=\"margin-bottom: 20px;\">  <div class=\"grve-wrapper-icon grve-no-shape grve-text-grey\"><i class=\"fas fa-check grve-text-primary-1\"><\/i><\/div>  <div class=\"grve-box-content\">    <p class=\"\">Si ottiene una maggiore consapevolezza in materia di raccolta differenziata degli scarti alimentari.<\/p>  <\/div><\/div>[\/vc_column_inner][vc_column_inner width=&#8221;1\/2&#8243;]<div class=\"grve-element grve-box-icon grve-align-left grve-small\" style=\"margin-bottom: 20px;\">  <div class=\"grve-wrapper-icon grve-no-shape grve-text-grey\"><i class=\"fas fa-check grve-text-primary-1\"><\/i><\/div>  <div class=\"grve-box-content\">    <p class=\"\">Il processo \u00e8 igienico e inodore. Una depressione all\u2019interno della macchina previene il diffondersi di odori. \u00c8 possibile che si creino degli odori in concomitanza del conferimento di rifiuti nuovi. Anche il prodotto finale ha un suo odore che per\u00f2 ricorda un profumo speziato. Non viene in genere considerato un problema a condizione che la stanza goda di normale ventilazione.<\/p>  <\/div><\/div><div class=\"grve-element grve-box-icon grve-align-left grve-small\" style=\"margin-bottom: 20px;\">  <div class=\"grve-wrapper-icon grve-no-shape grve-text-grey\"><i class=\"fas fa-check grve-text-primary-1\"><\/i><\/div>  <div class=\"grve-box-content\">    <p class=\"\"><br \/>\nIl reattore pu\u00f2 essere installato in un locale per il deposito dei rifiuti o in un container esterno. \u00c8 anche possibile pitturare il container o rivestirlo di assi di legno in modo da inserirlo gradevolmente nell\u2019ambiente circostante.<\/p>  <\/div><\/div><div class=\"grve-element grve-box-icon grve-align-left grve-small\" style=\"margin-bottom: 20px;\">  <div class=\"grve-wrapper-icon grve-no-shape grve-text-grey\"><i class=\"fas fa-check grve-text-primary-1\"><\/i><\/div>  <div class=\"grve-box-content\">    <p class=\"\"><br \/>\nIl processo automatizzato \u00e8 facilmente adattabile per soddisfare le esigenze e le modalit\u00e0 di utilizzo dei singoli clienti. Ad esempio, la macchina pu\u00f2 essere impostata in modo da interrompere lo scarico dei rifiuti trasformati nel caso in cui il cliente non l\u2019abbia utilizzata per un certo numero di giorni, al fine di evitare di dover gestire contenitori troppo pieni al rientro al lavoro, ad esempio il luned\u00ec mattina.<\/p>  <\/div><\/div>[\/vc_column_inner][\/vc_row_inner][\/vc_column][\/vc_row]<\/p>\n<\/section>","protected":false},"excerpt":{"rendered":"<p>[vc_row header_feature=&#8221;yes&#8221; margin_bottom=&#8221;60&#8243; padding_bottom=&#8221;40&#8243;][vc_column][vc_empty_space][\/vc_column][\/vc_row][vc_row bg_type=&#8221;color&#8221; header_feature=&#8221;yes&#8221; bg_color=&#8221;#f3f3f3&#8243; padding_top=&#8221;20&#8243; padding_bottom=&#8221;20&#8243; margin_bottom=&#8221;20&#8243;][vc_column][\/vc_column][\/vc_row][vc_row][vc_column][vc_column_text]Il processo di compostaggio BioSpeed \u00e8 basato su un metodo che consente alle popolazioni microbiche di operare in condizioni ottimali. Tutti i microrganismi utilizzati nel sistema BioSpeed, compresi quelli che degradano attivamente la cellulosa, sono microrganismi mesofili e termofili avanzati, ovvero microrganismi che operano fino a [&hellip;]<\/p>\n","protected":false},"author":1,"featured_media":0,"parent":0,"menu_order":0,"comment_status":"closed","ping_status":"closed","template":"","meta":{"footnotes":""},"_links":{"self":[{"href":"https:\/\/biocotech.no\/it\/wp-json\/wp\/v2\/pages\/1507"}],"collection":[{"href":"https:\/\/biocotech.no\/it\/wp-json\/wp\/v2\/pages"}],"about":[{"href":"https:\/\/biocotech.no\/it\/wp-json\/wp\/v2\/types\/page"}],"author":[{"embeddable":true,"href":"https:\/\/biocotech.no\/it\/wp-json\/wp\/v2\/users\/1"}],"replies":[{"embeddable":true,"href":"https:\/\/biocotech.no\/it\/wp-json\/wp\/v2\/comments?post=1507"}],"version-history":[{"count":2,"href":"https:\/\/biocotech.no\/it\/wp-json\/wp\/v2\/pages\/1507\/revisions"}],"predecessor-version":[{"id":1972,"href":"https:\/\/biocotech.no\/it\/wp-json\/wp\/v2\/pages\/1507\/revisions\/1972"}],"wp:attachment":[{"href":"https:\/\/biocotech.no\/it\/wp-json\/wp\/v2\/media?parent=1507"}],"curies":[{"name":"wp","href":"https:\/\/api.w.org\/{rel}","templated":true}]}}